{"id":11455,"date":"2020-11-06T03:44:38","date_gmt":"2020-11-06T03:44:38","guid":{"rendered":"http:\/\/muzeumminiaturowejsztukiprofesjonalnejhenrykjandominiak.eu\/wp\/?page_id=11455"},"modified":"2025-09-13T18:33:05","modified_gmt":"2025-09-13T18:33:05","slug":"awangarda-kierunek-w-sztuce-xx-wieku-dyskredytujacy-dotychczasowe-style","status":"publish","type":"page","link":"https:\/\/muzeumminiaturowejsztukiprofesjonalnejhenrykjandominiak.eu\/wp\/awangarda-kierunek-w-sztuce-xx-wieku-dyskredytujacy-dotychczasowe-style\/","title":{"rendered":"Awangarda kierunek w sztuce XX wieku dyskredytuj\u0105cy dotychczasowe style"},"content":{"rendered":"\t\t<div data-elementor-type=\"wp-page\" data-elementor-id=\"11455\" class=\"elementor elementor-11455\" data-elementor-settings=\"[]\">\n\t\t\t\t\t\t\t<div class=\"elementor-section-wrap\">\n\t\t\t\t\t\t\t<section class=\"elementor-section elementor-top-section elementor-element elementor-element-516bdb85 elementor-section-boxed elementor-section-height-default elementor-section-height-default\" data-id=\"516bdb85\" data-element_type=\"section\">\n\t\t\t\t\t\t<div class=\"elementor-container elementor-column-gap-default\">\n\t\t\t\t\t<div class=\"elementor-column elementor-col-100 elementor-top-column elementor-element elementor-element-2b53c28d\" data-id=\"2b53c28d\" data-element_type=\"column\">\n\t\t\t<div class=\"elementor-widget-wrap elementor-element-populated\">\n\t\t\t\t\t\t\t\t<div class=\"elementor-element elementor-element-5bf6e93 elementor-widget elementor-widget-text-editor\" data-id=\"5bf6e93\" data-element_type=\"widget\" data-widget_type=\"text-editor.default\">\n\t\t\t\t<div class=\"elementor-widget-container\">\n\t\t\t\t\t\t\t\t<h2 id=\"a11y-awangarda-kierunek-w-sztuce-xx-wieku-dyskredytujacy-dotychczasowe-style\" lang=\"pl\" style=\"text-align: left;\">Muzeum Miniaturowej Sztuki Profesjonalnej Henryk Jan Dominiak w Tychach na temat zjawiska artystycznego XX wieku, kt\u00f3re odrzuci\u0142o tradycyjne formy i poszukiwa\u0142o nowych, innowacyjnych j\u0119zyk\u00f3w wyrazu w sztuce, literaturze i muzyce.<\/h2><p style=\"text-align: left;\"><a href=\"https:\/\/muzeumminiaturowejsztukiprofesjonalnejhenrykjandominiak.eu\/wp\/wp-content\/uploads\/2020\/02\/cropped-logo-Muzeum-Miniaturowej-Sztuki-Profesjonalnej-Henryk-Jan-Dominiak-DOMINIAK-AH.png\"><img loading=\"lazy\" class=\"alignnone wp-image-7395\" src=\"https:\/\/muzeumminiaturowejsztukiprofesjonalnejhenrykjandominiak.eu\/wp\/wp-content\/uploads\/2020\/02\/cropped-logo-Muzeum-Miniaturowej-Sztuki-Profesjonalnej-Henryk-Jan-Dominiak-DOMINIAK-AH-300x300.png\" alt=\"Awangarda kierunek w sztuce XX wieku dyskredytuj\u0105cy dotychczasowe style\" width=\"50\" height=\"50\" srcset=\"https:\/\/muzeumminiaturowejsztukiprofesjonalnejhenrykjandominiak.eu\/wp\/wp-content\/uploads\/2020\/02\/cropped-logo-Muzeum-Miniaturowej-Sztuki-Profesjonalnej-Henryk-Jan-Dominiak-DOMINIAK-AH-300x300.png 300w, https:\/\/muzeumminiaturowejsztukiprofesjonalnejhenrykjandominiak.eu\/wp\/wp-content\/uploads\/2020\/02\/cropped-logo-Muzeum-Miniaturowej-Sztuki-Profesjonalnej-Henryk-Jan-Dominiak-DOMINIAK-AH-150x150.png 150w, https:\/\/muzeumminiaturowejsztukiprofesjonalnejhenrykjandominiak.eu\/wp\/wp-content\/uploads\/2020\/02\/cropped-logo-Muzeum-Miniaturowej-Sztuki-Profesjonalnej-Henryk-Jan-Dominiak-DOMINIAK-AH-270x270.png 270w, https:\/\/muzeumminiaturowejsztukiprofesjonalnejhenrykjandominiak.eu\/wp\/wp-content\/uploads\/2020\/02\/cropped-logo-Muzeum-Miniaturowej-Sztuki-Profesjonalnej-Henryk-Jan-Dominiak-DOMINIAK-AH-192x192.png 192w, https:\/\/muzeumminiaturowejsztukiprofesjonalnejhenrykjandominiak.eu\/wp\/wp-content\/uploads\/2020\/02\/cropped-logo-Muzeum-Miniaturowej-Sztuki-Profesjonalnej-Henryk-Jan-Dominiak-DOMINIAK-AH-180x180.png 180w, https:\/\/muzeumminiaturowejsztukiprofesjonalnejhenrykjandominiak.eu\/wp\/wp-content\/uploads\/2020\/02\/cropped-logo-Muzeum-Miniaturowej-Sztuki-Profesjonalnej-Henryk-Jan-Dominiak-DOMINIAK-AH-32x32.png 32w, https:\/\/muzeumminiaturowejsztukiprofesjonalnejhenrykjandominiak.eu\/wp\/wp-content\/uploads\/2020\/02\/cropped-logo-Muzeum-Miniaturowej-Sztuki-Profesjonalnej-Henryk-Jan-Dominiak-DOMINIAK-AH.png 512w\" sizes=\"(max-width: 50px) 100vw, 50px\" \/><\/a><\/p><p id=\"a11y-wstep\" style=\"text-align: left;\"><strong>Awangarda kierunek w sztuce XX wieku dyskredytuj\u0105cy dotychczasowe style<\/strong> to odniesienie nawi\u0105zuj\u0105ce do zgromadzonych eksponat\u00f3w w <span id=\"a11y-podmiot\"><a id=\"a11y-url\" href=\" https:\/\/muzeumminiaturowejsztukiprofesjonalnejhenrykjandominiak.eu\/wp\/\"><span style=\"text-decoration: underline;\">Muzeum Miniaturowej Sztuki Profesjonalnej Henryk Jan Dominiak w Tychach<\/span><\/a><\/span>.<\/p><p style=\"text-align: left;\">Termin ten pierwotnie wojskowy, oznaczaj\u0105cy oddzia\u0142 maszeruj\u0105cy z przodu, zosta\u0142 przeniesiony na grunt sztuki i kultury jako symbol ruchu, kt\u00f3ry toruje drog\u0119 nowym ideom i formom wyrazu, cz\u0119sto b\u0119d\u0105c zaskakuj\u0105cym i niekonwencjonalnym.<\/p><h3 style=\"text-align: left;\">Awangarda kierunek, kt\u00f3ry charakteryzuje si\u0119 radykalnym nowatorstwem \u2013 innymi s\u0142owy, jest to wyja\u015bnienie has\u0142a s\u0142ownikowego<\/h3><p style=\"text-align: left;\">Fotografia<\/p><p style=\"text-align: center;\"><img loading=\"lazy\" class=\"alignnone\" src=\"https:\/\/upload.wikimedia.org\/wikipedia\/commons\/e\/e0\/EMB239_P_pierre_Cardin_12x12_mm._Eksponat_Muzeum_Miniaturowej_Sztuki_Profesjonalnej_Henryk_Jan_Dominiak_w_Tychach.jpg\" alt=\"Awangarda kierunek w sztuce XX wieku dyskredytuj\u0105cy dotychczasowe style\" width=\"300\" height=\"300\" \/><\/p><p style=\"text-align: left;\"><em>Wpinka <a id=\"a11y-url\" href=\" https:\/\/muzeumminiaturowejsztukiprofesjonalnejhenrykjandominiak.eu\/wp\/emb239-p-pierre-cardin\/\"><span style=\"text-decoration: underline;\">EMB239 P pierre Cardin<\/span><\/a>, kt\u00f3ra sta\u0142a si\u0119 gor\u0105cym trendem i pi\u0119knie prezentowa\u0142a si\u0119 w szykownych stylizacjach.<\/em><\/p><h4 style=\"text-align: left;\">Awangarda \u2013 tworzy indywidualny \u015bwiat, nie powtarza bezmy\u015blnie rzeczywisto\u015bci.<\/h4><p style=\"text-align: left;\">Awangarda [franc.]: 1) Precyzowanie tych aktywno\u015b\u0107 nacechowanych artyzmem XX w., takich gdzie ultranowoczesna konstatacja toruje \u015brodek uniwersalny supernowoczesnym tendencjom i profiluje innowacyjne mierniki s\u0105d\u00f3w estetycznych. 2) Has\u0142o pr\u0105du literackiego, sportretowanego w r\u00f3wnym stopniu tytu\u0142em Pierwsza Awangarda ewentualnie Awangarda Krakowska. Priorytet ten manifestowali pisarze, w g\u0142\u00f3wnej mierze poeci, zjednoczeni wok\u00f3\u0142 czasopism \u201eZwrotnica\u201d (1922-27 \u2013 pismo krakowskie) i \u201eLinia\u201d (1931-33 w Krakowie).<\/p><h4 style=\"text-align: left;\">Indywidualizm, wyra\u017cenia innowacyjnego spojrzenia lub odpowiedzi na zmieniaj\u0105ce si\u0119 potrzeby odbiorc\u00f3w<\/h4><p style=\"text-align: left;\">Pierwszoplanowe spekulacje artystyczne Awangardy odkry\u0142y wymow\u0119 w teorii poezji ujednoznacznionej przez <span id=\"a11y-osoba\">Tadeusza Peipera (krytyk literacki, teoretyk poezji, eseista) w ksi\u0105\u017ckach Nowe usta (1925) i T\u0119dy (1930). Na domiar tego preferencje kierunku <a id=\"a11y-url\" href=\" https:\/\/muzeumminiaturowejsztukiprofesjonalnejhenrykjandominiak.eu\/wp\/symbolika\/\"><span style=\"text-decoration: underline;\">symbolizowali<\/span><\/a> w najwi\u0119kszym stopniu: <span id=\"a11y-osoba\">Julian Przybo\u015b (poeta, eseista i t\u0142umacz), <span id=\"a11y-osoba\">Jan Brz\u0119kowski (ps. Jan Bereta, Jan Jarmott) i <span id=\"a11y-osoba\">Adam Wa\u017cyk (w\u0142a\u015bciwie Adam Wagman). Natomiast w okresie \u201eLinii\u201d \u2013 <span id=\"a11y-osoba\">Jalu Kurek (w Grodzie Kraka jako Franciszek Kurek), wyst\u0119puj\u0105cy tak\u017ce w charakterze snuj\u0105cego og\u00f3lne rozwa\u017cania Awangardy. Opr\u00f3cz przytoczonych czasopism awangardzi\u015bci dystrybuowali serie ksi\u0105\u017ckowe &#8211; \u00abBibliotek\u0119 \u201eZwrotnicy\u201d\u00bb, \u00abKsi\u0105\u017cki \u201eLinii\u201d\u00bb i \u201ea.r.\u201d. Program \u201eeleganckiego \u015bwiata\u201d konstytuowa\u0142 si\u0119 w opozycji do wzorc\u00f3w post\u0119powania poezji m\u0142odopolskiej i \u2013 mimo konkretnych praprzyczyn pandemicznych \u2013 do dyrektyw wysuwanych wsp\u00f3\u0142cze\u015bnie przez cia\u0142o Skamandra.<\/span><\/span><\/span><\/span><\/span><\/p><p>*<\/p><p style=\"text-align: left;\">Antagonizm ten, namacalny ju\u017c w inauguracyjnych pogl\u0105dach Awangardy (przychylno\u015b\u0107 poezji do \u017cycia arcybanalnego i mowy w kolokwialnym uj\u0119ciu, ukazanie jednostki ludzkiej na tle progresywnej cywilizacji technicznej). Niespotykanie ostro zarysowa\u0142 si\u0119 w z zakresie poetyki, w odniesieniu do j\u0119zyka poetyckiego i struktur wyrazu artystycznego. Awangarda prowadzi\u0142a batali\u0119 z narracj\u0105 w poezji, z patosem i sentymentalizmem. W intencji do osi\u0105gni\u0119cia absolutnej finezyjno\u015bci s\u0142owa wysuwa\u0142a dekret zintelektualizowania poezji i oparcia jej na logicznych i racjonalnych argumentach. Integrowa\u0142o si\u0119 z tym pojmowanie metafory jako systemu skr\u00f3tu j\u0119zykowego zale\u017cnego od odleg\u0142ych zdiagnozowaniach obrazowych i poj\u0119ciowych. Dodatkowo dyspozycja do \u201ezdynamizowania&#8221; stylu w konsekwencji umocnienia go eliptycznymi (elipsa) uk\u0142adami sk\u0142adniowymi. Na koniec \u2013 przywi\u0105zywanie pot\u0119\u017cnej wagi do konstrukcyjnych cech dodatnich wiersza.<\/p><p style=\"text-align: left;\">.<\/p><p style=\"text-align: left;\">Tym rygoryzmem oponowa\u0142a na dodatek Awangarda, niezale\u017cnie od miarodajnych zbie\u017cno\u015bci, \u201e\u017cywio\u0142owym\u201d zap\u0119dom futuryzmu i ekspresjonizmu. Poszczeg\u00f3lne w\u0142a\u015bciwo\u015bci romantyki awangardowej intensywnie wywar\u0142y wp\u0142yw na inne nowatorskie procedury poetyckie 20-lecia mi\u0119dzywojennego, przybli\u017caj\u0105c si\u0119 w spu\u015bci\u017anie poet\u00f3w dzia\u0142aj\u0105cych po 1930. Dokumentowane w \u015bwiecie wile\u0144skim (grupa czasopisma \u201e\u017bagary\u201d, Czes\u0142aw Mi\u0142osz, Jerzy Zag\u00f3rski, Aleksander Rymkiewicz i in.) i lubelskim (grupa Reflektor, J\u00f3zef Czechowicz i in.). Zjawiska te zdarzaj\u0105 si\u0119 niesystematycznie definiowane ustami krytyki terminem Druga Awangarda. Ruch melancholijny Awangarda jest aktualnie fenomenem ju\u017c zamkni\u0119tym i przebrzmia\u0142ym.<\/p><p style=\"text-align: left;\">.<\/p><p style=\"text-align: left;\">W przeistoczonej jednak architektonice okre\u015blone tendencje awangardowej poetyki s\u0105 zachowywane za pomoc\u0105 jej archaicznych pe\u0142nomocnik\u00f3w (powojenna kreatywno\u015b\u0107 marzycielska i sprzeciwiaj\u0105ca si\u0119 J. Przybosia). Niekwestionowane sukcesy grupy elitarnej (np. rozplanowanie przebojowego wiersza wolnego, bieg\u0142o\u015b\u0107 skr\u00f3t\u00f3w metaforycznych) oddzia\u0142uj\u0105 na zgodn\u0105 z mod\u0105 <a id=\"a11y-url\" href=\" https:\/\/dominiakah.com\/wp\/polska-panstwo-w-europie-srodkowej\/\"><span style=\"text-decoration: underline;\">polsk\u0105<\/span><\/a> liryk\u0119 zar\u00f3wno i tych tw\u00f3rc\u00f3w, kt\u00f3rzy ujawniaj\u0105 odmienne pop\u0119dy nostalgiczne.<\/p><p style=\"text-align: left;\">.<\/p><h4 style=\"text-align: left;\"><span class=\"wpseo-score-text\">Awangarda kierunek w sztuce XX wieku dyskredytuj\u0105cy dotychczasowe style \u2013 kategoria:<\/span><\/h4><hr \/><p style=\"text-align: left;\"><span style=\"color: #808080;\"><span class=\"wpseo-score-text\">448. 499. <span style=\"color: #2462bf;\"><a style=\"color: #2462bf;\" href=\"http:\/\/muzeumminiaturowejsztukiprofesjonalnejhenrykjandominiak.eu\/wp\/category\/12-kwietnia-2020\/\" rel=\"category tag\">12 kwietnia 2020<\/a><\/span>. <span style=\"color: #2462bf;\"><a style=\"color: #2462bf;\" href=\"http:\/\/muzeumminiaturowejsztukiprofesjonalnejhenrykjandominiak.eu\/wp\/category\/od-a-do-z\/\" rel=\"category tag\">Od A do Z<\/a><\/span>. <span style=\"color: #2462bf;\"><a style=\"color: #2462bf;\" href=\"http:\/\/muzeumminiaturowejsztukiprofesjonalnejhenrykjandominiak.eu\/wp\/category\/problematyka-bogoria\/\" rel=\"category tag\">Problematyka Bogoria<\/a><\/span>. <span style=\"color: #2462bf;\"><a style=\"color: #2462bf;\" href=\"http:\/\/muzeumminiaturowejsztukiprofesjonalnejhenrykjandominiak.eu\/wp\/category\/przejaw-awansem-symptomu-literackiego-a\/\" rel=\"category tag\">Przejaw awansem symptomu literackiego A<\/a><\/span>. <span style=\"color: #2462bf;\"><a style=\"color: #2462bf;\" href=\"http:\/\/muzeumminiaturowejsztukiprofesjonalnejhenrykjandominiak.eu\/wp\/category\/sztuka-polska\/\" rel=\"category tag\">Sztuka polska<\/a><\/span>. <span style=\"color: #2462bf;\"><a style=\"color: #2462bf;\" href=\"http:\/\/muzeumminiaturowejsztukiprofesjonalnejhenrykjandominiak.eu\/wp\/category\/slownik-encyklopedyczny\/\" rel=\"category tag\">S\u0142ownik encyklopedyczny<\/a><\/span>. <span style=\"color: #2462bf;\"><a style=\"color: #2462bf;\" href=\"http:\/\/muzeumminiaturowejsztukiprofesjonalnejhenrykjandominiak.eu\/wp\/category\/z-cala-pewnoscia-godlo-bogoria\/\" rel=\"category tag\">Z ca\u0142\u0105 pewno\u015bci\u0105 god\u0142o Bogoria<\/a>. <\/span><\/span><\/span><\/p><p style=\"text-align: left;\"><span style=\"color: #808080;\">. <\/span><\/p><p style=\"text-align: left;\"><span style=\"color: #808080;\"><a href=\"http:\/\/muzeumminiaturowejsztukiprofesjonalnejhenrykjandominiak.eu\/wp\/wp-content\/uploads\/2016\/03\/Bogoria-herb-szlachecki-autor-Henryk-Jan-Dominiak-2019.png\"><img loading=\"lazy\" class=\"aligncenter wp-image-6500 size-medium\" src=\"http:\/\/muzeumminiaturowejsztukiprofesjonalnejhenrykjandominiak.eu\/wp\/wp-content\/uploads\/2016\/03\/Bogoria-herb-szlachecki-autor-Henryk-Jan-Dominiak-2019-146x300.png\" alt=\"Awangarda kierunek w sztuce XX wieku dyskredytuj\u0105cy dotychczasowe style Bogoria herb szlachecki - autor Henryk Jan Dominiak 2019\" width=\"146\" height=\"300\" srcset=\"https:\/\/muzeumminiaturowejsztukiprofesjonalnejhenrykjandominiak.eu\/wp\/wp-content\/uploads\/2016\/03\/Bogoria-herb-szlachecki-autor-Henryk-Jan-Dominiak-2019-146x300.png 146w, https:\/\/muzeumminiaturowejsztukiprofesjonalnejhenrykjandominiak.eu\/wp\/wp-content\/uploads\/2016\/03\/Bogoria-herb-szlachecki-autor-Henryk-Jan-Dominiak-2019-499x1024.png 499w\" sizes=\"(max-width: 146px) 100vw, 146px\" \/><\/a>. <\/span><\/p><p style=\"text-align: left;\">\u00a0<\/p>\t\t\t\t\t\t<\/div>\n\t\t\t\t<\/div>\n\t\t\t\t\t<\/div>\n\t\t<\/div>\n\t\t\t\t\t\t\t<\/div>\n\t\t<\/section>\n\t\t\t\t\t\t<\/div>\n\t\t\t\t\t<\/div>\n\t\t","protected":false},"excerpt":{"rendered":"<p>Muzeum Miniaturowej Sztuki Profesjonalnej Henryk Jan Dominiak w Tychach na temat zjawiska artystycznego XX wieku, kt\u00f3re odrzuci\u0142o tradycyjne formy i poszukiwa\u0142o nowych, innowacyjnych j\u0119zyk\u00f3w wyrazu w sztuce, literaturze i muzyce. Awangarda kierunek w sztuce XX wieku dyskredytuj\u0105cy dotychczasowe style to odniesienie nawi\u0105zuj\u0105ce do zgromadzonych eksponat\u00f3w w Muzeum Miniaturowej Sztuki Profesjonalnej Henryk Jan Dominiak w Tychach. [&hellip;]<\/p>\n","protected":false},"author":1,"featured_media":6627,"parent":0,"menu_order":159,"comment_status":"open","ping_status":"closed","template":"","meta":[],"yoast_head":"<!-- This site is optimized with the Yoast SEO plugin v18.4.1 - https:\/\/yoast.com\/wordpress\/plugins\/seo\/ -->\n<title>Awangarda kierunek w sztuce XX wieku dyskredytuj\u0105cy dotychczasowe style - Muzeum Miniaturowej Sztuki Profesjonalnej Henryk Jan Dominiak w Tychach.<\/title>\n<meta name=\"description\" content=\"Awangarda kierunek w sztuce XX wieku dyskredytuj\u0105cy dotychczasowe style, innowacyjne koncepcje prekursorskich tendencji modeluj\u0105cych post\u0119powe definicje.\" \/>\n<meta name=\"robots\" content=\"index, follow, max-snippet:-1, max-image-preview:large, max-video-preview:-1\" \/>\n<link rel=\"canonical\" href=\"https:\/\/muzeumminiaturowejsztukiprofesjonalnejhenrykjandominiak.eu\/wp\/awangarda-kierunek-w-sztuce-xx-wieku-dyskredytujacy-dotychczasowe-style\/\" \/>\n<meta property=\"og:locale\" content=\"pl_PL\" \/>\n<meta property=\"og:type\" content=\"article\" \/>\n<meta property=\"og:title\" content=\"Awangarda kierunek w sztuce XX wieku dyskredytuj\u0105cy dotychczasowe style - Muzeum Miniaturowej Sztuki Profesjonalnej Henryk Jan Dominiak w Tychach.\" \/>\n<meta property=\"og:description\" content=\"Awangarda kierunek w sztuce XX wieku dyskredytuj\u0105cy dotychczasowe style, innowacyjne koncepcje prekursorskich tendencji modeluj\u0105cych post\u0119powe definicje.\" \/>\n<meta property=\"og:url\" content=\"https:\/\/muzeumminiaturowejsztukiprofesjonalnejhenrykjandominiak.eu\/wp\/awangarda-kierunek-w-sztuce-xx-wieku-dyskredytujacy-dotychczasowe-style\/\" \/>\n<meta property=\"og:site_name\" content=\"Muzeum Miniaturowej Sztuki Profesjonalnej Henryk Jan Dominiak w Tychach.\" \/>\n<meta property=\"article:modified_time\" content=\"2025-09-13T18:33:05+00:00\" \/>\n<meta property=\"og:image\" content=\"https:\/\/muzeumminiaturowejsztukiprofesjonalnejhenrykjandominiak.eu\/wp\/wp-content\/uploads\/2015\/11\/autorska-wystawa-aran\u017cacja-na-tle-kamieni-piramida-pe\u0142na-autorskich-grafik-obraz\u00f3w-rysunk\u00f3w-autor-Henryk-Jan-Dominiak.png\" \/>\n\t<meta property=\"og:image:width\" content=\"922\" \/>\n\t<meta property=\"og:image:height\" content=\"922\" \/>\n\t<meta property=\"og:image:type\" content=\"image\/png\" \/>\n<meta name=\"twitter:card\" content=\"summary\" \/>\n<meta name=\"twitter:label1\" content=\"Szacowany czas czytania\" \/>\n\t<meta name=\"twitter:data1\" content=\"5 minut\" \/>\n<script type=\"application\/ld+json\" class=\"yoast-schema-graph\">{\"@context\":\"https:\/\/schema.org\",\"@graph\":[{\"@type\":\"WebSite\",\"@id\":\"https:\/\/muzeumminiaturowejsztukiprofesjonalnejhenrykjandominiak.eu\/wp\/#website\",\"url\":\"https:\/\/muzeumminiaturowejsztukiprofesjonalnejhenrykjandominiak.eu\/wp\/\",\"name\":\"Muzeum Miniaturowej Sztuki Profesjonalnej Henryk Jan Dominiak w Tychach.\",\"description\":\"\",\"potentialAction\":[{\"@type\":\"SearchAction\",\"target\":{\"@type\":\"EntryPoint\",\"urlTemplate\":\"https:\/\/muzeumminiaturowejsztukiprofesjonalnejhenrykjandominiak.eu\/wp\/?s={search_term_string}\"},\"query-input\":\"required name=search_term_string\"}],\"inLanguage\":\"pl-PL\"},{\"@type\":\"ImageObject\",\"@id\":\"https:\/\/muzeumminiaturowejsztukiprofesjonalnejhenrykjandominiak.eu\/wp\/awangarda-kierunek-w-sztuce-xx-wieku-dyskredytujacy-dotychczasowe-style\/#primaryimage\",\"inLanguage\":\"pl-PL\",\"url\":\"https:\/\/muzeumminiaturowejsztukiprofesjonalnejhenrykjandominiak.eu\/wp\/wp-content\/uploads\/2015\/11\/autorska-wystawa-aran\u017cacja-na-tle-kamieni-piramida-pe\u0142na-autorskich-grafik-obraz\u00f3w-rysunk\u00f3w-autor-Henryk-Jan-Dominiak.png\",\"contentUrl\":\"https:\/\/muzeumminiaturowejsztukiprofesjonalnejhenrykjandominiak.eu\/wp\/wp-content\/uploads\/2015\/11\/autorska-wystawa-aran\u017cacja-na-tle-kamieni-piramida-pe\u0142na-autorskich-grafik-obraz\u00f3w-rysunk\u00f3w-autor-Henryk-Jan-Dominiak.png\",\"width\":922,\"height\":922},{\"@type\":\"WebPage\",\"@id\":\"https:\/\/muzeumminiaturowejsztukiprofesjonalnejhenrykjandominiak.eu\/wp\/awangarda-kierunek-w-sztuce-xx-wieku-dyskredytujacy-dotychczasowe-style\/#webpage\",\"url\":\"https:\/\/muzeumminiaturowejsztukiprofesjonalnejhenrykjandominiak.eu\/wp\/awangarda-kierunek-w-sztuce-xx-wieku-dyskredytujacy-dotychczasowe-style\/\",\"name\":\"Awangarda kierunek w sztuce XX wieku dyskredytuj\u0105cy dotychczasowe style - Muzeum Miniaturowej Sztuki Profesjonalnej Henryk Jan Dominiak w Tychach.\",\"isPartOf\":{\"@id\":\"https:\/\/muzeumminiaturowejsztukiprofesjonalnejhenrykjandominiak.eu\/wp\/#website\"},\"primaryImageOfPage\":{\"@id\":\"https:\/\/muzeumminiaturowejsztukiprofesjonalnejhenrykjandominiak.eu\/wp\/awangarda-kierunek-w-sztuce-xx-wieku-dyskredytujacy-dotychczasowe-style\/#primaryimage\"},\"datePublished\":\"2020-11-06T03:44:38+00:00\",\"dateModified\":\"2025-09-13T18:33:05+00:00\",\"description\":\"Awangarda kierunek w sztuce XX wieku dyskredytuj\u0105cy dotychczasowe style, innowacyjne koncepcje prekursorskich tendencji modeluj\u0105cych post\u0119powe definicje.\",\"breadcrumb\":{\"@id\":\"https:\/\/muzeumminiaturowejsztukiprofesjonalnejhenrykjandominiak.eu\/wp\/awangarda-kierunek-w-sztuce-xx-wieku-dyskredytujacy-dotychczasowe-style\/#breadcrumb\"},\"inLanguage\":\"pl-PL\",\"potentialAction\":[{\"@type\":\"ReadAction\",\"target\":[\"https:\/\/muzeumminiaturowejsztukiprofesjonalnejhenrykjandominiak.eu\/wp\/awangarda-kierunek-w-sztuce-xx-wieku-dyskredytujacy-dotychczasowe-style\/\"]}]},{\"@type\":\"BreadcrumbList\",\"@id\":\"https:\/\/muzeumminiaturowejsztukiprofesjonalnejhenrykjandominiak.eu\/wp\/awangarda-kierunek-w-sztuce-xx-wieku-dyskredytujacy-dotychczasowe-style\/#breadcrumb\",\"itemListElement\":[{\"@type\":\"ListItem\",\"position\":1,\"name\":\"Strona g\u0142\u00f3wna\",\"item\":\"https:\/\/muzeumminiaturowejsztukiprofesjonalnejhenrykjandominiak.eu\/wp\/\"},{\"@type\":\"ListItem\",\"position\":2,\"name\":\"Awangarda kierunek w sztuce XX wieku dyskredytuj\u0105cy dotychczasowe style\"}]}]}<\/script>\n<!-- \/ Yoast SEO plugin. -->","yoast_head_json":{"title":"Awangarda kierunek w sztuce XX wieku dyskredytuj\u0105cy dotychczasowe style - Muzeum Miniaturowej Sztuki Profesjonalnej Henryk Jan Dominiak w Tychach.","description":"Awangarda kierunek w sztuce XX wieku dyskredytuj\u0105cy dotychczasowe style, innowacyjne koncepcje prekursorskich tendencji modeluj\u0105cych post\u0119powe definicje.","robots":{"index":"index","follow":"follow","max-snippet":"max-snippet:-1","max-image-preview":"max-image-preview:large","max-video-preview":"max-video-preview:-1"},"canonical":"https:\/\/muzeumminiaturowejsztukiprofesjonalnejhenrykjandominiak.eu\/wp\/awangarda-kierunek-w-sztuce-xx-wieku-dyskredytujacy-dotychczasowe-style\/","og_locale":"pl_PL","og_type":"article","og_title":"Awangarda kierunek w sztuce XX wieku dyskredytuj\u0105cy dotychczasowe style - Muzeum Miniaturowej Sztuki Profesjonalnej Henryk Jan Dominiak w Tychach.","og_description":"Awangarda kierunek w sztuce XX wieku dyskredytuj\u0105cy dotychczasowe style, innowacyjne koncepcje prekursorskich tendencji modeluj\u0105cych post\u0119powe definicje.","og_url":"https:\/\/muzeumminiaturowejsztukiprofesjonalnejhenrykjandominiak.eu\/wp\/awangarda-kierunek-w-sztuce-xx-wieku-dyskredytujacy-dotychczasowe-style\/","og_site_name":"Muzeum Miniaturowej Sztuki Profesjonalnej Henryk Jan Dominiak w Tychach.","article_modified_time":"2025-09-13T18:33:05+00:00","og_image":[{"width":922,"height":922,"url":"https:\/\/muzeumminiaturowejsztukiprofesjonalnejhenrykjandominiak.eu\/wp\/wp-content\/uploads\/2015\/11\/autorska-wystawa-aran\u017cacja-na-tle-kamieni-piramida-pe\u0142na-autorskich-grafik-obraz\u00f3w-rysunk\u00f3w-autor-Henryk-Jan-Dominiak.png","type":"image\/png"}],"twitter_card":"summary","twitter_misc":{"Szacowany czas czytania":"5 minut"},"schema":{"@context":"https:\/\/schema.org","@graph":[{"@type":"WebSite","@id":"https:\/\/muzeumminiaturowejsztukiprofesjonalnejhenrykjandominiak.eu\/wp\/#website","url":"https:\/\/muzeumminiaturowejsztukiprofesjonalnejhenrykjandominiak.eu\/wp\/","name":"Muzeum Miniaturowej Sztuki Profesjonalnej Henryk Jan Dominiak w Tychach.","description":"","potentialAction":[{"@type":"SearchAction","target":{"@type":"EntryPoint","urlTemplate":"https:\/\/muzeumminiaturowejsztukiprofesjonalnejhenrykjandominiak.eu\/wp\/?s={search_term_string}"},"query-input":"required name=search_term_string"}],"inLanguage":"pl-PL"},{"@type":"ImageObject","@id":"https:\/\/muzeumminiaturowejsztukiprofesjonalnejhenrykjandominiak.eu\/wp\/awangarda-kierunek-w-sztuce-xx-wieku-dyskredytujacy-dotychczasowe-style\/#primaryimage","inLanguage":"pl-PL","url":"https:\/\/muzeumminiaturowejsztukiprofesjonalnejhenrykjandominiak.eu\/wp\/wp-content\/uploads\/2015\/11\/autorska-wystawa-aran\u017cacja-na-tle-kamieni-piramida-pe\u0142na-autorskich-grafik-obraz\u00f3w-rysunk\u00f3w-autor-Henryk-Jan-Dominiak.png","contentUrl":"https:\/\/muzeumminiaturowejsztukiprofesjonalnejhenrykjandominiak.eu\/wp\/wp-content\/uploads\/2015\/11\/autorska-wystawa-aran\u017cacja-na-tle-kamieni-piramida-pe\u0142na-autorskich-grafik-obraz\u00f3w-rysunk\u00f3w-autor-Henryk-Jan-Dominiak.png","width":922,"height":922},{"@type":"WebPage","@id":"https:\/\/muzeumminiaturowejsztukiprofesjonalnejhenrykjandominiak.eu\/wp\/awangarda-kierunek-w-sztuce-xx-wieku-dyskredytujacy-dotychczasowe-style\/#webpage","url":"https:\/\/muzeumminiaturowejsztukiprofesjonalnejhenrykjandominiak.eu\/wp\/awangarda-kierunek-w-sztuce-xx-wieku-dyskredytujacy-dotychczasowe-style\/","name":"Awangarda kierunek w sztuce XX wieku dyskredytuj\u0105cy dotychczasowe style - Muzeum Miniaturowej Sztuki Profesjonalnej Henryk Jan Dominiak w Tychach.","isPartOf":{"@id":"https:\/\/muzeumminiaturowejsztukiprofesjonalnejhenrykjandominiak.eu\/wp\/#website"},"primaryImageOfPage":{"@id":"https:\/\/muzeumminiaturowejsztukiprofesjonalnejhenrykjandominiak.eu\/wp\/awangarda-kierunek-w-sztuce-xx-wieku-dyskredytujacy-dotychczasowe-style\/#primaryimage"},"datePublished":"2020-11-06T03:44:38+00:00","dateModified":"2025-09-13T18:33:05+00:00","description":"Awangarda kierunek w sztuce XX wieku dyskredytuj\u0105cy dotychczasowe style, innowacyjne koncepcje prekursorskich tendencji modeluj\u0105cych post\u0119powe definicje.","breadcrumb":{"@id":"https:\/\/muzeumminiaturowejsztukiprofesjonalnejhenrykjandominiak.eu\/wp\/awangarda-kierunek-w-sztuce-xx-wieku-dyskredytujacy-dotychczasowe-style\/#breadcrumb"},"inLanguage":"pl-PL","potentialAction":[{"@type":"ReadAction","target":["https:\/\/muzeumminiaturowejsztukiprofesjonalnejhenrykjandominiak.eu\/wp\/awangarda-kierunek-w-sztuce-xx-wieku-dyskredytujacy-dotychczasowe-style\/"]}]},{"@type":"BreadcrumbList","@id":"https:\/\/muzeumminiaturowejsztukiprofesjonalnejhenrykjandominiak.eu\/wp\/awangarda-kierunek-w-sztuce-xx-wieku-dyskredytujacy-dotychczasowe-style\/#breadcrumb","itemListElement":[{"@type":"ListItem","position":1,"name":"Strona g\u0142\u00f3wna","item":"https:\/\/muzeumminiaturowejsztukiprofesjonalnejhenrykjandominiak.eu\/wp\/"},{"@type":"ListItem","position":2,"name":"Awangarda kierunek w sztuce XX wieku dyskredytuj\u0105cy dotychczasowe style"}]}]}},"_links":{"self":[{"href":"https:\/\/muzeumminiaturowejsztukiprofesjonalnejhenrykjandominiak.eu\/wp\/wp-json\/wp\/v2\/pages\/11455"}],"collection":[{"href":"https:\/\/muzeumminiaturowejsztukiprofesjonalnejhenrykjandominiak.eu\/wp\/wp-json\/wp\/v2\/pages"}],"about":[{"href":"https:\/\/muzeumminiaturowejsztukiprofesjonalnejhenrykjandominiak.eu\/wp\/wp-json\/wp\/v2\/types\/page"}],"author":[{"embeddable":true,"href":"https:\/\/muzeumminiaturowejsztukiprofesjonalnejhenrykjandominiak.eu\/wp\/wp-json\/wp\/v2\/users\/1"}],"replies":[{"embeddable":true,"href":"https:\/\/muzeumminiaturowejsztukiprofesjonalnejhenrykjandominiak.eu\/wp\/wp-json\/wp\/v2\/comments?post=11455"}],"version-history":[{"count":34,"href":"https:\/\/muzeumminiaturowejsztukiprofesjonalnejhenrykjandominiak.eu\/wp\/wp-json\/wp\/v2\/pages\/11455\/revisions"}],"predecessor-version":[{"id":48232,"href":"https:\/\/muzeumminiaturowejsztukiprofesjonalnejhenrykjandominiak.eu\/wp\/wp-json\/wp\/v2\/pages\/11455\/revisions\/48232"}],"wp:featuredmedia":[{"embeddable":true,"href":"https:\/\/muzeumminiaturowejsztukiprofesjonalnejhenrykjandominiak.eu\/wp\/wp-json\/wp\/v2\/media\/6627"}],"wp:attachment":[{"href":"https:\/\/muzeumminiaturowejsztukiprofesjonalnejhenrykjandominiak.eu\/wp\/wp-json\/wp\/v2\/media?parent=11455"}],"curies":[{"name":"wp","href":"https:\/\/api.w.org\/{rel}","templated":true}]}}