{"id":11893,"date":"2021-01-13T16:40:38","date_gmt":"2021-01-13T16:40:38","guid":{"rendered":"http:\/\/muzeumminiaturowejsztukiprofesjonalnejhenrykjandominiak.eu\/wp\/?page_id=11893"},"modified":"2021-03-04T10:01:30","modified_gmt":"2021-03-04T10:01:30","slug":"her28-wisla-tradycyjnosc-municypalna-przelomowego-serca-sportowego-poludniowej-krwawicy-ojczystej","status":"publish","type":"page","link":"https:\/\/muzeumminiaturowejsztukiprofesjonalnejhenrykjandominiak.eu\/wp\/her28-wisla-tradycyjnosc-municypalna-przelomowego-serca-sportowego-poludniowej-krwawicy-ojczystej\/","title":{"rendered":"HER28 WIS\u0141A tradycyjno\u015b\u0107 municypalna prze\u0142omowego serca sportowego po\u0142udniowej krwawicy ojczystej"},"content":{"rendered":"<h2 style=\"text-align: center;\"><span style=\"color: #999999;\"><a style=\"color: #999999;\" href=\"http:\/\/muzeumminiaturowejsztukiprofesjonalnejhenrykjandominiak.eu\/wp\/wp-content\/uploads\/2020\/02\/cropped-logo-Muzeum-Miniaturowej-Sztuki-Profesjonalnej-Henryk-Jan-Dominiak-DOMINIAK-AH.png\"><img loading=\"lazy\" class=\"alignnone wp-image-7395\" src=\"http:\/\/muzeumminiaturowejsztukiprofesjonalnejhenrykjandominiak.eu\/wp\/wp-content\/uploads\/2020\/02\/cropped-logo-Muzeum-Miniaturowej-Sztuki-Profesjonalnej-Henryk-Jan-Dominiak-DOMINIAK-AH-300x300.png\" alt=\"HER28 WIS\u0141A tradycyjno\u015b\u0107 municypalna prze\u0142omowego serca sportowego po\u0142udniowej krwawicy ojczystej cropped-logo-Muzeum-Miniaturowej-Sztuki-Profesjonalnej-Henryk-Jan-Dominiak-DOMINIAK-AH.png\" width=\"100\" height=\"100\" srcset=\"https:\/\/muzeumminiaturowejsztukiprofesjonalnejhenrykjandominiak.eu\/wp\/wp-content\/uploads\/2020\/02\/cropped-logo-Muzeum-Miniaturowej-Sztuki-Profesjonalnej-Henryk-Jan-Dominiak-DOMINIAK-AH-300x300.png 300w, https:\/\/muzeumminiaturowejsztukiprofesjonalnejhenrykjandominiak.eu\/wp\/wp-content\/uploads\/2020\/02\/cropped-logo-Muzeum-Miniaturowej-Sztuki-Profesjonalnej-Henryk-Jan-Dominiak-DOMINIAK-AH-150x150.png 150w, https:\/\/muzeumminiaturowejsztukiprofesjonalnejhenrykjandominiak.eu\/wp\/wp-content\/uploads\/2020\/02\/cropped-logo-Muzeum-Miniaturowej-Sztuki-Profesjonalnej-Henryk-Jan-Dominiak-DOMINIAK-AH-270x270.png 270w, https:\/\/muzeumminiaturowejsztukiprofesjonalnejhenrykjandominiak.eu\/wp\/wp-content\/uploads\/2020\/02\/cropped-logo-Muzeum-Miniaturowej-Sztuki-Profesjonalnej-Henryk-Jan-Dominiak-DOMINIAK-AH-192x192.png 192w, https:\/\/muzeumminiaturowejsztukiprofesjonalnejhenrykjandominiak.eu\/wp\/wp-content\/uploads\/2020\/02\/cropped-logo-Muzeum-Miniaturowej-Sztuki-Profesjonalnej-Henryk-Jan-Dominiak-DOMINIAK-AH-180x180.png 180w, https:\/\/muzeumminiaturowejsztukiprofesjonalnejhenrykjandominiak.eu\/wp\/wp-content\/uploads\/2020\/02\/cropped-logo-Muzeum-Miniaturowej-Sztuki-Profesjonalnej-Henryk-Jan-Dominiak-DOMINIAK-AH-32x32.png 32w, https:\/\/muzeumminiaturowejsztukiprofesjonalnejhenrykjandominiak.eu\/wp\/wp-content\/uploads\/2020\/02\/cropped-logo-Muzeum-Miniaturowej-Sztuki-Profesjonalnej-Henryk-Jan-Dominiak-DOMINIAK-AH.png 512w\" sizes=\"(max-width: 100px) 100vw, 100px\" \/><\/a> <\/span><\/h2>\n<h2 style=\"text-align: center;\"><span style=\"color: #999999;\">HER28 WIS\u0141A tradycyjno\u015b\u0107 municypalna prze\u0142omowego serca sportowego po\u0142udniowej krwawicy ojczystej <\/span><\/h2>\n<h3><span style=\"color: #999999;\"><a href=\"http:\/\/muzeumminiaturowejsztukiprofesjonalnejhenrykjandominiak.eu\/wp\/wp-content\/uploads\/2015\/12\/wiadomo\u015bci-wiedza-informacja-news-serwis-informacyjny-autor-Henryk-Jan-Dominiak.png\"><img loading=\"lazy\" class=\"alignnone size-medium wp-image-6446\" src=\"http:\/\/muzeumminiaturowejsztukiprofesjonalnejhenrykjandominiak.eu\/wp\/wp-content\/uploads\/2015\/12\/wiadomo\u015bci-wiedza-informacja-news-serwis-informacyjny-autor-Henryk-Jan-Dominiak-300x300.png\" alt=\"wiadomo\u015bci wiedza informacja news serwis informacyjny autor Henryk Jan Dominiak\" width=\"300\" height=\"300\" srcset=\"https:\/\/muzeumminiaturowejsztukiprofesjonalnejhenrykjandominiak.eu\/wp\/wp-content\/uploads\/2015\/12\/wiadomo\u015bci-wiedza-informacja-news-serwis-informacyjny-autor-Henryk-Jan-Dominiak-300x300.png 300w, https:\/\/muzeumminiaturowejsztukiprofesjonalnejhenrykjandominiak.eu\/wp\/wp-content\/uploads\/2015\/12\/wiadomo\u015bci-wiedza-informacja-news-serwis-informacyjny-autor-Henryk-Jan-Dominiak-150x150.png 150w, https:\/\/muzeumminiaturowejsztukiprofesjonalnejhenrykjandominiak.eu\/wp\/wp-content\/uploads\/2015\/12\/wiadomo\u015bci-wiedza-informacja-news-serwis-informacyjny-autor-Henryk-Jan-Dominiak.png 922w\" sizes=\"(max-width: 300px) 100vw, 300px\" \/><\/a> <\/span><\/h3>\n<h3><span style=\"color: #999999;\">obiekt zaciekawia zwiedzaj\u0105cych widniej\u0105c <\/span><\/h3>\n<h3><span style=\"color: #999999;\">w <span style=\"color: #2462bf;\"><a style=\"color: #2462bf;\" href=\"http:\/\/muzeumminiaturowejsztukiprofesjonalnejhenrykjandominiak.eu\/wp\/2020\/04\/30\/dzial-falerystyki-weksylologii-heraldyki-symboliki-emblematyki\/\">Dziale Falerystyki Weksylologii Heraldyki Symboliki Emblematyki <\/a><\/span><\/span><\/h3>\n<h3><span style=\"color: #999999;\"><a style=\"color: #2462bf;\" href=\"http:\/\/muzeumminiaturowejsztukiprofesjonalnejhenrykjandominiak.eu\/wp\/\">Muzeum Miniaturowej Sztuki Profesjonalnej Henryk Jan Dominiak<\/a> <\/span><\/h3>\n<h3><span style=\"color: #999999;\">w <span style=\"color: #2462bf;\"><a style=\"color: #2462bf;\" href=\"http:\/\/dominiakah.com\/wp\/tychy-od-dawna-do-wspolczesnosci\/\">Tychach<\/a><\/span>, <span style=\"color: #2462bf;\"><a style=\"color: #2462bf;\" href=\"http:\/\/muzeumminiaturowejsztukiprofesjonalnejhenrykjandominiak.eu\/wp\/2020\/04\/11\/ul\/\">ulica<\/a><\/span>\u00a0<span style=\"color: #2462bf;\"><a style=\"color: #2462bf;\" href=\"http:\/\/dominiakah.com\/wp\/tychy-od-dawna-do-wspolczesnosci\/ulica-zwakowska-w-tychach\/\">\u017bwakowska<\/a><\/span>\u00a08\/66,\u00a0<span style=\"color: #2462bf;\"><a style=\"color: #2462bf;\" href=\"http:\/\/muzeumminiaturowejsztukiprofesjonalnejhenrykjandominiak.eu\/wp\/rp-rzeczpospolita-polska-terenem-dzialania\/\">Rzeczpospolita Polska<\/a><\/span>,\u00a0<span style=\"color: #2462bf;\"><a style=\"color: #2462bf;\" href=\"http:\/\/muzeumminiaturowejsztukiprofesjonalnejhenrykjandominiak.eu\/wp\/stary-europa-z-azja-sklada-sie-na-staly-lad-eurazje\/\">Europa<br \/>\n<\/a><\/span><\/span><\/h3>\n<p style=\"text-align: left;\"><span style=\"color: #999999;\">HER28 WIS\u0141A tradycyjno\u015b\u0107 municypalna prze\u0142omowego serca sportowego po\u0142udniowej krwawicy ojczystej. <\/span><\/p>\n<p style=\"text-align: left;\"><span style=\"color: #999999;\">. <\/span><\/p>\n<p style=\"text-align: left;\"><span style=\"color: #999999;\">Opis herbu: <\/span><\/p>\n<p style=\"text-align: left;\"><span style=\"color: #999999;\">Herb Wis\u0142y stosownie do zamys\u0142u profesora Mariana Gumowskiego (ekspert numizmatyki i sfragistyki &#8211; nauki pomocniczej historii, zajmuj\u0105cej si\u0119 badaniem piecz\u0119ci jako \u017ar\u00f3de\u0142 historycznych), obowi\u0105zuj\u0105cy w podobnej formie od 1962 r. (od pozyskania praw miejskich) do 1990 r. Urz\u0119dnicze unaocznienie rozprawia\u0142o o odwr\u00f3conej czerwonej literze L w bia\u0142ym polu, u do\u0142u kt\u00f3rego mie\u015bci si\u0119 zielona murawa z pi\u0119cioma k\u0119pkami trawy. <\/span><\/p>\n<h4 style=\"text-align: left;\"><span style=\"color: #999999;\">HER28 WIS\u0141A tradycyjno\u015b\u0107 municypalna prze\u0142omowego serca sportowego po\u0142udniowej krwawicy ojczystej &#8211; pozaplanowe adnotacje: <\/span><\/h4>\n<hr \/>\n<p style=\"text-align: left;\"><span style=\"color: #999999;\">Wis\u0142a. <\/span><\/p>\n<p style=\"text-align: left;\"><span style=\"color: #999999;\">Z najwy\u017cszej wynios\u0142o\u015bci terenu Pasma Czantorii,\u00a0czo\u0142owego w p\u00f3\u0142nocnym wycinku tego \u0142a\u0144cucha, daj\u0105ca si\u0119 zauwa\u017cy\u0107 okolica okre\u015blana mianem Wis\u0142a. Teren wydaje si\u0119 by\u0107 podobnym do s\u0142onecznej doliny tyrolskiej. Z osobna niezwyk\u0142o\u015b\u0107 Beskid\u00f3w w charakterze ze\u015brodkowania rasy ludzkiej jest usytuowana w pozycji presti\u017cowej w formacie powiatu <span style=\"color: #2462bf;\"><a style=\"color: #2462bf;\" href=\"http:\/\/muzeumminiaturowejsztukiprofesjonalnejhenrykjandominiak.eu\/wp\/her15-cieszyn-mury-z-basztami-rzeka-olza-gmerk-ksiestwa-cieszynskiego\/\">cieszy\u0144skiego<\/a><\/span>. W dawniejszym wojew\u00f3dztwie katowickim w bie\u017c\u0105cym okresie <span style=\"color: #2462bf;\"><a style=\"color: #2462bf;\" href=\"http:\/\/muzeumminiaturowejsztukiprofesjonalnejhenrykjandominiak.eu\/wp\/slaskie-najwieksza-urbanizacja-na-dodatek-gestosc-zaludnienia\/\">\u015bl\u0105skim<\/a><\/span>. Globalnie\u00a0popularne miasteczko w Beskidzie \u015al\u0105skim (mezoregion zaliczaj\u0105cy si\u0119 do mikroregionu Karpat Zachodnich), nad\u00a0osi\u0105gaj\u0105c\u0105 maksimum rzek\u0105 sp\u0142ywaj\u0105c\u0105 do Ba\u0142tyku (morza \u015br\u00f3dl\u0105dowego na szelfie europejskim) Wis\u0142\u0105, kt\u00f3rej od startu (500 m. n.p.m.) rozci\u0105g\u0142o\u015b\u0107 osi\u0105ga blisko 1024 km. Enklawa prawa zurbanizowane przyswoi\u0142a w konsekwencji trwania 1962 roku. Miejscowo\u015b\u0107 jest\u00a0wydatnym gniazdem turystyczno-wypoczynkowym r\u00f3wnie\u017c teori\u0105 i praktyk\u0105 aktywno\u015bci fizycznej zw\u0142aszcza zimowej &#8211; w moim przekonaniu &#8211; umiejscowienie uzdrowiskowe, a nawet stacja klimatyczna. Na ca\u0142o\u015bci spora\u00a0ekspansja dom\u00f3w odpr\u0119\u017ceniowych, sanatorium zapobiegawcze i Centrum Rekreacji i Rehabilitacji. Pozycja inauguracyjna co niemiara marszrut eskapad pieszych, m.in. na Barani\u0105 G\u00f3r\u0119. Porywaj\u0105ca skocznia narciarska imienia Adama Ma\u0142ysza (akt utworzenia skoczni podpisa\u0142 \u00f3wczesny prezydent Aleksander Kwa\u015bniewski w dniu 28 pa\u017adziernika 2003 roku). Wycieczkowym gw\u00f3\u017ad\u017a programu s\u0105 muzea i klasycystyczny ko\u015bci\u00f3\u0142 ewangelicki (1833-38). II wojna \u015bwiatowa do\u015b\u0107 znacznie zniszczy\u0142a Wis\u0142\u0119. Dopiero po jej zako\u0144czeniu zrekonstruowano i powa\u017cnie rozbudowano miasto, kt\u00f3re w chwili obecnej szacuje sobie 110,17 km\u00b2 powierzchni u\u017cytkowej. <\/span><\/p>\n<p style=\"text-align: left;\"><span style=\"color: #999999;\">. <\/span><\/p>\n<h4 style=\"text-align: left;\"><span style=\"color: #999999;\">HER28 WIS\u0141A tradycyjno\u015b\u0107 municypalna prze\u0142omowego serca sportowego po\u0142udniowej krwawicy ojczystej &#8211; kategoria: <\/span><\/h4>\n<hr \/>\n<p style=\"text-align: left;\"><span style=\"color: #999999;\">241. 345. <\/span><\/p>\n<p style=\"text-align: left;\"><span style=\"color: #999999;\">. <\/span><\/p>\n<p style=\"text-align: left;\"><span style=\"color: #999999;\"><a href=\"http:\/\/muzeumminiaturowejsztukiprofesjonalnejhenrykjandominiak.eu\/wp\/wp-content\/uploads\/2016\/03\/Cio\u0142ek-herb-szlachecki-autor-Henryk-Jan-Dominiak-2019.png\"><img loading=\"lazy\" class=\"aligncenter wp-image-6502 size-medium\" src=\"http:\/\/muzeumminiaturowejsztukiprofesjonalnejhenrykjandominiak.eu\/wp\/wp-content\/uploads\/2016\/03\/Cio\u0142ek-herb-szlachecki-autor-Henryk-Jan-Dominiak-2019-146x300.png\" alt=\"HER28 WIS\u0141A tradycyjno\u015b\u0107 municypalna prze\u0142omowego serca sportowego po\u0142udniowej krwawicy ojczystej Cio\u0142ek herb szlachecki - autor Henryk Jan Dominiak 2019\" width=\"146\" height=\"300\" srcset=\"https:\/\/muzeumminiaturowejsztukiprofesjonalnejhenrykjandominiak.eu\/wp\/wp-content\/uploads\/2016\/03\/Cio\u0142ek-herb-szlachecki-autor-Henryk-Jan-Dominiak-2019-146x300.png 146w, https:\/\/muzeumminiaturowejsztukiprofesjonalnejhenrykjandominiak.eu\/wp\/wp-content\/uploads\/2016\/03\/Cio\u0142ek-herb-szlachecki-autor-Henryk-Jan-Dominiak-2019-499x1024.png 499w\" sizes=\"(max-width: 146px) 100vw, 146px\" \/><\/a>.<\/span><\/p>\n","protected":false},"excerpt":{"rendered":"<p>HER28 WIS\u0141A tradycyjno\u015b\u0107 municypalna prze\u0142omowego serca sportowego po\u0142udniowej krwawicy ojczystej obiekt zaciekawia zwiedzaj\u0105cych widniej\u0105c w Dziale Falerystyki Weksylologii Heraldyki Symboliki Emblematyki Muzeum Miniaturowej Sztuki Profesjonalnej Henryk Jan Dominiak w Tychach, ulica\u00a0\u017bwakowska\u00a08\/66,\u00a0Rzeczpospolita Polska,\u00a0Europa HER28 WIS\u0141A tradycyjno\u015b\u0107 municypalna prze\u0142omowego serca sportowego po\u0142udniowej krwawicy ojczystej. . Opis herbu: Herb Wis\u0142y stosownie do zamys\u0142u profesora Mariana Gumowskiego (ekspert numizmatyki [&hellip;]<\/p>\n","protected":false},"author":1,"featured_media":6446,"parent":0,"menu_order":8028,"comment_status":"closed","ping_status":"closed","template":"","meta":[],"yoast_head":"<!-- This site is optimized with the Yoast SEO plugin v18.4.1 - https:\/\/yoast.com\/wordpress\/plugins\/seo\/ -->\n<title>HER28 WIS\u0141A tradycyjno\u015b\u0107 municypalna prze\u0142omowego serca sportowego po\u0142udniowej krwawicy ojczystej - Muzeum Miniaturowej Sztuki Profesjonalnej Henryk Jan Dominiak w Tychach.<\/title>\n<meta name=\"description\" content=\"HER28 WIS\u0141A tradycyjno\u015b\u0107 municypalna prze\u0142omowego serca sportowego po\u0142udniowej krwawicy ojczystej - na podstawie projektu profesora Mariana Gumowskiego.\" \/>\n<meta name=\"robots\" content=\"index, follow, max-snippet:-1, max-image-preview:large, max-video-preview:-1\" \/>\n<link rel=\"canonical\" href=\"https:\/\/muzeumminiaturowejsztukiprofesjonalnejhenrykjandominiak.eu\/wp\/her28-wisla-tradycyjnosc-municypalna-przelomowego-serca-sportowego-poludniowej-krwawicy-ojczystej\/\" \/>\n<meta property=\"og:locale\" content=\"pl_PL\" \/>\n<meta property=\"og:type\" content=\"article\" \/>\n<meta property=\"og:title\" content=\"HER28 WIS\u0141A tradycyjno\u015b\u0107 municypalna prze\u0142omowego serca sportowego po\u0142udniowej krwawicy ojczystej - Muzeum Miniaturowej Sztuki Profesjonalnej Henryk Jan Dominiak w Tychach.\" \/>\n<meta property=\"og:description\" content=\"HER28 WIS\u0141A tradycyjno\u015b\u0107 municypalna prze\u0142omowego serca sportowego po\u0142udniowej krwawicy ojczystej - na podstawie projektu profesora Mariana Gumowskiego.\" \/>\n<meta property=\"og:url\" content=\"https:\/\/muzeumminiaturowejsztukiprofesjonalnejhenrykjandominiak.eu\/wp\/her28-wisla-tradycyjnosc-municypalna-przelomowego-serca-sportowego-poludniowej-krwawicy-ojczystej\/\" \/>\n<meta property=\"og:site_name\" content=\"Muzeum Miniaturowej Sztuki Profesjonalnej Henryk Jan Dominiak w Tychach.\" \/>\n<meta property=\"article:modified_time\" content=\"2021-03-04T10:01:30+00:00\" \/>\n<meta property=\"og:image\" content=\"https:\/\/muzeumminiaturowejsztukiprofesjonalnejhenrykjandominiak.eu\/wp\/wp-content\/uploads\/2015\/12\/wiadomo\u015bci-wiedza-informacja-news-serwis-informacyjny-autor-Henryk-Jan-Dominiak.png\" \/>\n\t<meta property=\"og:image:width\" content=\"922\" \/>\n\t<meta property=\"og:image:height\" content=\"922\" \/>\n\t<meta property=\"og:image:type\" content=\"image\/png\" \/>\n<meta name=\"twitter:card\" content=\"summary\" \/>\n<meta name=\"twitter:label1\" content=\"Szacowany czas czytania\" \/>\n\t<meta name=\"twitter:data1\" content=\"2 minuty\" \/>\n<script type=\"application\/ld+json\" class=\"yoast-schema-graph\">{\"@context\":\"https:\/\/schema.org\",\"@graph\":[{\"@type\":\"WebSite\",\"@id\":\"https:\/\/muzeumminiaturowejsztukiprofesjonalnejhenrykjandominiak.eu\/wp\/#website\",\"url\":\"https:\/\/muzeumminiaturowejsztukiprofesjonalnejhenrykjandominiak.eu\/wp\/\",\"name\":\"Muzeum Miniaturowej Sztuki Profesjonalnej Henryk Jan Dominiak w Tychach.\",\"description\":\"\",\"potentialAction\":[{\"@type\":\"SearchAction\",\"target\":{\"@type\":\"EntryPoint\",\"urlTemplate\":\"https:\/\/muzeumminiaturowejsztukiprofesjonalnejhenrykjandominiak.eu\/wp\/?s={search_term_string}\"},\"query-input\":\"required name=search_term_string\"}],\"inLanguage\":\"pl-PL\"},{\"@type\":\"ImageObject\",\"@id\":\"https:\/\/muzeumminiaturowejsztukiprofesjonalnejhenrykjandominiak.eu\/wp\/her28-wisla-tradycyjnosc-municypalna-przelomowego-serca-sportowego-poludniowej-krwawicy-ojczystej\/#primaryimage\",\"inLanguage\":\"pl-PL\",\"url\":\"https:\/\/muzeumminiaturowejsztukiprofesjonalnejhenrykjandominiak.eu\/wp\/wp-content\/uploads\/2015\/12\/wiadomo\u015bci-wiedza-informacja-news-serwis-informacyjny-autor-Henryk-Jan-Dominiak.png\",\"contentUrl\":\"https:\/\/muzeumminiaturowejsztukiprofesjonalnejhenrykjandominiak.eu\/wp\/wp-content\/uploads\/2015\/12\/wiadomo\u015bci-wiedza-informacja-news-serwis-informacyjny-autor-Henryk-Jan-Dominiak.png\",\"width\":922,\"height\":922},{\"@type\":\"WebPage\",\"@id\":\"https:\/\/muzeumminiaturowejsztukiprofesjonalnejhenrykjandominiak.eu\/wp\/her28-wisla-tradycyjnosc-municypalna-przelomowego-serca-sportowego-poludniowej-krwawicy-ojczystej\/#webpage\",\"url\":\"https:\/\/muzeumminiaturowejsztukiprofesjonalnejhenrykjandominiak.eu\/wp\/her28-wisla-tradycyjnosc-municypalna-przelomowego-serca-sportowego-poludniowej-krwawicy-ojczystej\/\",\"name\":\"HER28 WIS\u0141A tradycyjno\u015b\u0107 municypalna prze\u0142omowego serca sportowego po\u0142udniowej krwawicy ojczystej - Muzeum Miniaturowej Sztuki Profesjonalnej Henryk Jan Dominiak w Tychach.\",\"isPartOf\":{\"@id\":\"https:\/\/muzeumminiaturowejsztukiprofesjonalnejhenrykjandominiak.eu\/wp\/#website\"},\"primaryImageOfPage\":{\"@id\":\"https:\/\/muzeumminiaturowejsztukiprofesjonalnejhenrykjandominiak.eu\/wp\/her28-wisla-tradycyjnosc-municypalna-przelomowego-serca-sportowego-poludniowej-krwawicy-ojczystej\/#primaryimage\"},\"datePublished\":\"2021-01-13T16:40:38+00:00\",\"dateModified\":\"2021-03-04T10:01:30+00:00\",\"description\":\"HER28 WIS\u0141A tradycyjno\u015b\u0107 municypalna prze\u0142omowego serca sportowego po\u0142udniowej krwawicy ojczystej - na podstawie projektu profesora Mariana Gumowskiego.\",\"breadcrumb\":{\"@id\":\"https:\/\/muzeumminiaturowejsztukiprofesjonalnejhenrykjandominiak.eu\/wp\/her28-wisla-tradycyjnosc-municypalna-przelomowego-serca-sportowego-poludniowej-krwawicy-ojczystej\/#breadcrumb\"},\"inLanguage\":\"pl-PL\",\"potentialAction\":[{\"@type\":\"ReadAction\",\"target\":[\"https:\/\/muzeumminiaturowejsztukiprofesjonalnejhenrykjandominiak.eu\/wp\/her28-wisla-tradycyjnosc-municypalna-przelomowego-serca-sportowego-poludniowej-krwawicy-ojczystej\/\"]}]},{\"@type\":\"BreadcrumbList\",\"@id\":\"https:\/\/muzeumminiaturowejsztukiprofesjonalnejhenrykjandominiak.eu\/wp\/her28-wisla-tradycyjnosc-municypalna-przelomowego-serca-sportowego-poludniowej-krwawicy-ojczystej\/#breadcrumb\",\"itemListElement\":[{\"@type\":\"ListItem\",\"position\":1,\"name\":\"Strona g\u0142\u00f3wna\",\"item\":\"https:\/\/muzeumminiaturowejsztukiprofesjonalnejhenrykjandominiak.eu\/wp\/\"},{\"@type\":\"ListItem\",\"position\":2,\"name\":\"HER28 WIS\u0141A tradycyjno\u015b\u0107 municypalna prze\u0142omowego serca sportowego po\u0142udniowej krwawicy ojczystej\"}]}]}<\/script>\n<!-- \/ Yoast SEO plugin. -->","yoast_head_json":{"title":"HER28 WIS\u0141A tradycyjno\u015b\u0107 municypalna prze\u0142omowego serca sportowego po\u0142udniowej krwawicy ojczystej - Muzeum Miniaturowej Sztuki Profesjonalnej Henryk Jan Dominiak w Tychach.","description":"HER28 WIS\u0141A tradycyjno\u015b\u0107 municypalna prze\u0142omowego serca sportowego po\u0142udniowej krwawicy ojczystej - na podstawie projektu profesora Mariana Gumowskiego.","robots":{"index":"index","follow":"follow","max-snippet":"max-snippet:-1","max-image-preview":"max-image-preview:large","max-video-preview":"max-video-preview:-1"},"canonical":"https:\/\/muzeumminiaturowejsztukiprofesjonalnejhenrykjandominiak.eu\/wp\/her28-wisla-tradycyjnosc-municypalna-przelomowego-serca-sportowego-poludniowej-krwawicy-ojczystej\/","og_locale":"pl_PL","og_type":"article","og_title":"HER28 WIS\u0141A tradycyjno\u015b\u0107 municypalna prze\u0142omowego serca sportowego po\u0142udniowej krwawicy ojczystej - Muzeum Miniaturowej Sztuki Profesjonalnej Henryk Jan Dominiak w Tychach.","og_description":"HER28 WIS\u0141A tradycyjno\u015b\u0107 municypalna prze\u0142omowego serca sportowego po\u0142udniowej krwawicy ojczystej - na podstawie projektu profesora Mariana Gumowskiego.","og_url":"https:\/\/muzeumminiaturowejsztukiprofesjonalnejhenrykjandominiak.eu\/wp\/her28-wisla-tradycyjnosc-municypalna-przelomowego-serca-sportowego-poludniowej-krwawicy-ojczystej\/","og_site_name":"Muzeum Miniaturowej Sztuki Profesjonalnej Henryk Jan Dominiak w Tychach.","article_modified_time":"2021-03-04T10:01:30+00:00","og_image":[{"width":922,"height":922,"url":"https:\/\/muzeumminiaturowejsztukiprofesjonalnejhenrykjandominiak.eu\/wp\/wp-content\/uploads\/2015\/12\/wiadomo\u015bci-wiedza-informacja-news-serwis-informacyjny-autor-Henryk-Jan-Dominiak.png","type":"image\/png"}],"twitter_card":"summary","twitter_misc":{"Szacowany czas czytania":"2 minuty"},"schema":{"@context":"https:\/\/schema.org","@graph":[{"@type":"WebSite","@id":"https:\/\/muzeumminiaturowejsztukiprofesjonalnejhenrykjandominiak.eu\/wp\/#website","url":"https:\/\/muzeumminiaturowejsztukiprofesjonalnejhenrykjandominiak.eu\/wp\/","name":"Muzeum Miniaturowej Sztuki Profesjonalnej Henryk Jan Dominiak w Tychach.","description":"","potentialAction":[{"@type":"SearchAction","target":{"@type":"EntryPoint","urlTemplate":"https:\/\/muzeumminiaturowejsztukiprofesjonalnejhenrykjandominiak.eu\/wp\/?s={search_term_string}"},"query-input":"required name=search_term_string"}],"inLanguage":"pl-PL"},{"@type":"ImageObject","@id":"https:\/\/muzeumminiaturowejsztukiprofesjonalnejhenrykjandominiak.eu\/wp\/her28-wisla-tradycyjnosc-municypalna-przelomowego-serca-sportowego-poludniowej-krwawicy-ojczystej\/#primaryimage","inLanguage":"pl-PL","url":"https:\/\/muzeumminiaturowejsztukiprofesjonalnejhenrykjandominiak.eu\/wp\/wp-content\/uploads\/2015\/12\/wiadomo\u015bci-wiedza-informacja-news-serwis-informacyjny-autor-Henryk-Jan-Dominiak.png","contentUrl":"https:\/\/muzeumminiaturowejsztukiprofesjonalnejhenrykjandominiak.eu\/wp\/wp-content\/uploads\/2015\/12\/wiadomo\u015bci-wiedza-informacja-news-serwis-informacyjny-autor-Henryk-Jan-Dominiak.png","width":922,"height":922},{"@type":"WebPage","@id":"https:\/\/muzeumminiaturowejsztukiprofesjonalnejhenrykjandominiak.eu\/wp\/her28-wisla-tradycyjnosc-municypalna-przelomowego-serca-sportowego-poludniowej-krwawicy-ojczystej\/#webpage","url":"https:\/\/muzeumminiaturowejsztukiprofesjonalnejhenrykjandominiak.eu\/wp\/her28-wisla-tradycyjnosc-municypalna-przelomowego-serca-sportowego-poludniowej-krwawicy-ojczystej\/","name":"HER28 WIS\u0141A tradycyjno\u015b\u0107 municypalna prze\u0142omowego serca sportowego po\u0142udniowej krwawicy ojczystej - Muzeum Miniaturowej Sztuki Profesjonalnej Henryk Jan Dominiak w Tychach.","isPartOf":{"@id":"https:\/\/muzeumminiaturowejsztukiprofesjonalnejhenrykjandominiak.eu\/wp\/#website"},"primaryImageOfPage":{"@id":"https:\/\/muzeumminiaturowejsztukiprofesjonalnejhenrykjandominiak.eu\/wp\/her28-wisla-tradycyjnosc-municypalna-przelomowego-serca-sportowego-poludniowej-krwawicy-ojczystej\/#primaryimage"},"datePublished":"2021-01-13T16:40:38+00:00","dateModified":"2021-03-04T10:01:30+00:00","description":"HER28 WIS\u0141A tradycyjno\u015b\u0107 municypalna prze\u0142omowego serca sportowego po\u0142udniowej krwawicy ojczystej - na podstawie projektu profesora Mariana Gumowskiego.","breadcrumb":{"@id":"https:\/\/muzeumminiaturowejsztukiprofesjonalnejhenrykjandominiak.eu\/wp\/her28-wisla-tradycyjnosc-municypalna-przelomowego-serca-sportowego-poludniowej-krwawicy-ojczystej\/#breadcrumb"},"inLanguage":"pl-PL","potentialAction":[{"@type":"ReadAction","target":["https:\/\/muzeumminiaturowejsztukiprofesjonalnejhenrykjandominiak.eu\/wp\/her28-wisla-tradycyjnosc-municypalna-przelomowego-serca-sportowego-poludniowej-krwawicy-ojczystej\/"]}]},{"@type":"BreadcrumbList","@id":"https:\/\/muzeumminiaturowejsztukiprofesjonalnejhenrykjandominiak.eu\/wp\/her28-wisla-tradycyjnosc-municypalna-przelomowego-serca-sportowego-poludniowej-krwawicy-ojczystej\/#breadcrumb","itemListElement":[{"@type":"ListItem","position":1,"name":"Strona g\u0142\u00f3wna","item":"https:\/\/muzeumminiaturowejsztukiprofesjonalnejhenrykjandominiak.eu\/wp\/"},{"@type":"ListItem","position":2,"name":"HER28 WIS\u0141A tradycyjno\u015b\u0107 municypalna prze\u0142omowego serca sportowego po\u0142udniowej krwawicy ojczystej"}]}]}},"_links":{"self":[{"href":"https:\/\/muzeumminiaturowejsztukiprofesjonalnejhenrykjandominiak.eu\/wp\/wp-json\/wp\/v2\/pages\/11893"}],"collection":[{"href":"https:\/\/muzeumminiaturowejsztukiprofesjonalnejhenrykjandominiak.eu\/wp\/wp-json\/wp\/v2\/pages"}],"about":[{"href":"https:\/\/muzeumminiaturowejsztukiprofesjonalnejhenrykjandominiak.eu\/wp\/wp-json\/wp\/v2\/types\/page"}],"author":[{"embeddable":true,"href":"https:\/\/muzeumminiaturowejsztukiprofesjonalnejhenrykjandominiak.eu\/wp\/wp-json\/wp\/v2\/users\/1"}],"replies":[{"embeddable":true,"href":"https:\/\/muzeumminiaturowejsztukiprofesjonalnejhenrykjandominiak.eu\/wp\/wp-json\/wp\/v2\/comments?post=11893"}],"version-history":[{"count":31,"href":"https:\/\/muzeumminiaturowejsztukiprofesjonalnejhenrykjandominiak.eu\/wp\/wp-json\/wp\/v2\/pages\/11893\/revisions"}],"predecessor-version":[{"id":12504,"href":"https:\/\/muzeumminiaturowejsztukiprofesjonalnejhenrykjandominiak.eu\/wp\/wp-json\/wp\/v2\/pages\/11893\/revisions\/12504"}],"wp:featuredmedia":[{"embeddable":true,"href":"https:\/\/muzeumminiaturowejsztukiprofesjonalnejhenrykjandominiak.eu\/wp\/wp-json\/wp\/v2\/media\/6446"}],"wp:attachment":[{"href":"https:\/\/muzeumminiaturowejsztukiprofesjonalnejhenrykjandominiak.eu\/wp\/wp-json\/wp\/v2\/media?parent=11893"}],"curies":[{"name":"wp","href":"https:\/\/api.w.org\/{rel}","templated":true}]}}