{"id":15669,"date":"2021-05-23T16:23:13","date_gmt":"2021-05-23T16:23:13","guid":{"rendered":"https:\/\/muzeumminiaturowejsztukiprofesjonalnejhenrykjandominiak.eu\/wp\/?page_id=15669"},"modified":"2025-07-24T06:16:04","modified_gmt":"2025-07-24T06:16:04","slug":"dzialy","status":"publish","type":"page","link":"https:\/\/muzeumminiaturowejsztukiprofesjonalnejhenrykjandominiak.eu\/wp\/dzialy\/","title":{"rendered":"Dzia\u0142y"},"content":{"rendered":"\t\t<div data-elementor-type=\"wp-page\" data-elementor-id=\"15669\" class=\"elementor elementor-15669\" data-elementor-settings=\"[]\">\n\t\t\t\t\t\t\t<div class=\"elementor-section-wrap\">\n\t\t\t\t\t\t\t<section class=\"elementor-section elementor-top-section elementor-element elementor-element-ab94d3b elementor-section-full_width elementor-section-height-default elementor-section-height-default\" data-id=\"ab94d3b\" data-element_type=\"section\">\n\t\t\t\t\t\t<div class=\"elementor-container elementor-column-gap-default\">\n\t\t\t\t\t<div class=\"elementor-column elementor-col-100 elementor-top-column elementor-element elementor-element-91a1287\" data-id=\"91a1287\" data-element_type=\"column\">\n\t\t\t<div class=\"elementor-widget-wrap elementor-element-populated\">\n\t\t\t\t\t\t\t\t<div class=\"elementor-element elementor-element-5f4da44 elementor-widget elementor-widget-text-editor\" data-id=\"5f4da44\" data-element_type=\"widget\" data-widget_type=\"text-editor.default\">\n\t\t\t\t<div class=\"elementor-widget-container\">\n\t\t\t\t\t\t\t\t<h2 id=\"dzialy\" lang=\"pl\" style=\"text-align: left;\">W naszym muzeum wyr\u00f3\u017cnia si\u0119 cztery typy dzia\u0142\u00f3w, kt\u00f3re zajmuj\u0105 si\u0119 r\u00f3\u017cnymi aspektami dzia\u0142alno\u015bci, w szczeg\u00f3lno\u015bci kolekcjonowaniem i badaniem dzie\u0142 sztuki oraz rzemios\u0142a.<\/h2><p style=\"text-align: center;\"><a href=\"https:\/\/muzeumminiaturowejsztukiprofesjonalnejhenrykjandominiak.eu\/wp\/wp-content\/uploads\/2020\/02\/cropped-logo-Muzeum-Miniaturowej-Sztuki-Profesjonalnej-Henryk-Jan-Dominiak-DOMINIAK-AH.png\"><img loading=\"lazy\" class=\"alignnone wp-image-7395\" src=\"https:\/\/muzeumminiaturowejsztukiprofesjonalnejhenrykjandominiak.eu\/wp\/wp-content\/uploads\/2020\/02\/cropped-logo-Muzeum-Miniaturowej-Sztuki-Profesjonalnej-Henryk-Jan-Dominiak-DOMINIAK-AH-300x300.png\" alt=\"DZIA\u0141Y\" width=\"100\" height=\"100\" srcset=\"https:\/\/muzeumminiaturowejsztukiprofesjonalnejhenrykjandominiak.eu\/wp\/wp-content\/uploads\/2020\/02\/cropped-logo-Muzeum-Miniaturowej-Sztuki-Profesjonalnej-Henryk-Jan-Dominiak-DOMINIAK-AH-300x300.png 300w, https:\/\/muzeumminiaturowejsztukiprofesjonalnejhenrykjandominiak.eu\/wp\/wp-content\/uploads\/2020\/02\/cropped-logo-Muzeum-Miniaturowej-Sztuki-Profesjonalnej-Henryk-Jan-Dominiak-DOMINIAK-AH-150x150.png 150w, https:\/\/muzeumminiaturowejsztukiprofesjonalnejhenrykjandominiak.eu\/wp\/wp-content\/uploads\/2020\/02\/cropped-logo-Muzeum-Miniaturowej-Sztuki-Profesjonalnej-Henryk-Jan-Dominiak-DOMINIAK-AH-270x270.png 270w, https:\/\/muzeumminiaturowejsztukiprofesjonalnejhenrykjandominiak.eu\/wp\/wp-content\/uploads\/2020\/02\/cropped-logo-Muzeum-Miniaturowej-Sztuki-Profesjonalnej-Henryk-Jan-Dominiak-DOMINIAK-AH-192x192.png 192w, https:\/\/muzeumminiaturowejsztukiprofesjonalnejhenrykjandominiak.eu\/wp\/wp-content\/uploads\/2020\/02\/cropped-logo-Muzeum-Miniaturowej-Sztuki-Profesjonalnej-Henryk-Jan-Dominiak-DOMINIAK-AH-180x180.png 180w, https:\/\/muzeumminiaturowejsztukiprofesjonalnejhenrykjandominiak.eu\/wp\/wp-content\/uploads\/2020\/02\/cropped-logo-Muzeum-Miniaturowej-Sztuki-Profesjonalnej-Henryk-Jan-Dominiak-DOMINIAK-AH-32x32.png 32w, https:\/\/muzeumminiaturowejsztukiprofesjonalnejhenrykjandominiak.eu\/wp\/wp-content\/uploads\/2020\/02\/cropped-logo-Muzeum-Miniaturowej-Sztuki-Profesjonalnej-Henryk-Jan-Dominiak-DOMINIAK-AH.png 512w\" sizes=\"(max-width: 100px) 100vw, 100px\" \/><\/a><\/p><p style=\"text-align: left;\"><span id=\"a11y-wstep\">DZIA\u0141Y to szpalta, na kt\u00f3rej przede wszystkim mamy mo\u017cliwo\u015b\u0107 zapozna\u0107 Pa\u0144stwa z sektorami gromadzenia eksponat\u00f3w przez <span id=\"a11y-podmiot\"><a id=\"a11y-url\" href=\" https:\/\/muzeumminiaturowejsztukiprofesjonalnejhenrykjandominiak.eu\/wp\/\"><span style=\"text-decoration: underline;\">Muzeum Miniaturowej Sztuki Profesjonalnej Henryk Jan Dominiak w Tychach<\/span><\/a>. Oczywi\u015bcie opis tego niewielkiego, ale wyj\u0105tkowego muzeum, znajdziecie Pa\u0144stwo w karcie <a id=\"a11y-url\" href=\" https:\/\/muzeumminiaturowejsztukiprofesjonalnejhenrykjandominiak.eu\/wp\/2019\/06\/02\/o-muzeum\/\"><span style=\"text-decoration: underline;\">O muzeum<\/span><\/a>.<\/span><\/span><\/p><h3 style=\"text-align: left;\">Dzia\u0142y uzgodnione z MKDNiS<\/h3><h4 style=\"text-align: left;\">I DZIA\u0141: <a id=\"a11y-url\" href=\" https:\/\/muzeumminiaturowejsztukiprofesjonalnejhenrykjandominiak.eu\/wp\/2019\/06\/01\/dzial-malarstwa-rysunku-grafiki\/\"><span style=\"text-decoration: underline;\">Malarstwa, Rysunku i Grafiki<\/span><\/a>.<\/h4><p style=\"text-align: left;\">1. <a id=\"a11y-url\" href=\" https:\/\/muzeumminiaturowejsztukiprofesjonalnejhenrykjandominiak.eu\/wp\/zestaw-nazbieranego-malarstwa\/\"><span style=\"text-decoration: underline;\">Malarstwo<\/span><\/a>.<\/p><p style=\"text-align: left;\">2. <a id=\"a11y-url\" href=\" https:\/\/muzeumminiaturowejsztukiprofesjonalnejhenrykjandominiak.eu\/wp\/rysunek-wszechobejmujacym-ukladem-kresek-na-uwidocznionej-powierzchni\/\"><span style=\"text-decoration: underline;\">Rysunek<\/span><\/a>.<\/p><p style=\"text-align: left;\">3. <a id=\"a11y-url\" href=\" https:\/\/muzeumminiaturowejsztukiprofesjonalnejhenrykjandominiak.eu\/wp\/grafika-obszarem-wyjatkowej-pedanterii-plastycznej\/\"><span style=\"text-decoration: underline;\">Grafika<\/span><\/a>.<\/p><h4 style=\"text-align: left;\">II DZIA\u0141: <a id=\"a11y-url\" href=\" https:\/\/muzeumminiaturowejsztukiprofesjonalnejhenrykjandominiak.eu\/wp\/2019\/05\/31\/dzial-rzezby-ceramiki\/\"><span style=\"text-decoration: underline;\">Rze\u017aby i Ceramiki<\/span><\/a>.<\/h4><p style=\"text-align: left;\">1. <a id=\"a11y-url\" href=\" https:\/\/muzeumminiaturowejsztukiprofesjonalnejhenrykjandominiak.eu\/wp\/specyfikacja-zmagazynowanej-rzezby\/\"><span style=\"text-decoration: underline;\">Rze\u017aba<\/span><\/a>.<\/p><p style=\"text-align: left;\">2. <a id=\"a11y-url\" href=\" https:\/\/muzeumminiaturowejsztukiprofesjonalnejhenrykjandominiak.eu\/wp\/zestawienie-ceramik-wyszczegolnienie-materii-bedacej-przedstawicielem-wypalenia-uksztaltowanej-gliny\/\"><span style=\"text-decoration: underline;\">Ceramika<\/span><\/a>.<\/p><h4 style=\"text-align: left;\">III DZIA\u0141: <a id=\"a11y-url\" href=\" https:\/\/muzeumminiaturowejsztukiprofesjonalnejhenrykjandominiak.eu\/wp\/2019\/05\/30\/dzial-falerystyki-weksylologii-heraldyki-symboliki-emblematyki\/\"><span style=\"text-decoration: underline;\">Falerystyki Weksylologii Heraldyki Symboliki Emblematyki<\/span><\/a>.<\/h4><p style=\"text-align: left;\">1. <a id=\"a11y-url\" href=\" https:\/\/muzeumminiaturowejsztukiprofesjonalnejhenrykjandominiak.eu\/wp\/falerystyka-dyscyplina-ponadprogramowa-historii\/\"><span style=\"text-decoration: underline;\">Falerystyka<\/span><\/a>.<\/p><p style=\"text-align: left;\">2. Weksylologia.<\/p><p style=\"text-align: left;\">3. <a id=\"a11y-url\" href=\" https:\/\/muzeumminiaturowejsztukiprofesjonalnejhenrykjandominiak.eu\/wp\/heraldyka-analizuje-material-modelowania-herbow\/\"><span style=\"text-decoration: underline;\">Heraldyka<\/span><\/a>.<\/p><p style=\"text-align: left;\">4. <a id=\"a11y-url\" href=\" https:\/\/muzeumminiaturowejsztukiprofesjonalnejhenrykjandominiak.eu\/wp\/alfabet-skolekcjonowanej-symboliki\/\"><span style=\"text-decoration: underline;\">Symbolika<\/span><\/a>.<\/p><p style=\"text-align: left;\">5. <a id=\"a11y-url\" href=\" https:\/\/muzeumminiaturowejsztukiprofesjonalnejhenrykjandominiak.eu\/wp\/emblematyka-pomostem-literatury-ze-sztukami-plastycznymi\/\"><span style=\"text-decoration: underline;\">Emblematyka<\/span><\/a>.<\/p><h4 style=\"text-align: left;\">IV DZIA\u0141: <a id=\"a11y-url\" href=\" https:\/\/muzeumminiaturowejsztukiprofesjonalnejhenrykjandominiak.eu\/wp\/2019\/05\/29\/dzial-broni-bialej\/\"><span style=\"text-decoration: underline;\">Broni Bia\u0142ej<\/span><\/a>.<\/h4><p style=\"text-align: left;\">1. <a id=\"a11y-url\" href=\" https:\/\/muzeumminiaturowejsztukiprofesjonalnejhenrykjandominiak.eu\/wp\/1-20-bron-biala\/\"><span style=\"text-decoration: underline;\">Bro\u0144 Bia\u0142a<\/span><\/a>.<\/p><h3 id=\"a11y-kontakt\" style=\"text-align: left;\"><span style=\"color: #000000;\">Adres lokalu<\/span><\/h3><ol><li style=\"text-align: left;\">Kraj: po\u0142udniowa <a id=\"a11y-url\" href=\" https:\/\/muzeumminiaturowejsztukiprofesjonalnejhenrykjandominiak.eu\/wp\/rp-rzeczpospolita-polska-terenem-dzialania\/\"><span style=\"text-decoration: underline;\">Polska<\/span><\/a>, jak wskazuje mapa konturowa \u015bwiata to region <a id=\"a11y-url\" href=\" https:\/\/muzeumminiaturowejsztukiprofesjonalnejhenrykjandominiak.eu\/wp\/stary-europa-z-azja-sklada-sie-na-staly-lad-eurazje\/\"><span style=\"text-decoration: underline;\">Europa<\/span><\/a> \u015arodkowa.<\/li><li style=\"text-align: left;\">Wojew\u00f3dztwo: <a id=\"a11y-url\" href=\" https:\/\/muzeumminiaturowejsztukiprofesjonalnejhenrykjandominiak.eu\/wp\/slaskie-najwieksza-urbanizacja-na-dodatek-gestosc-zaludnienia\/\"><span style=\"text-decoration: underline;\">\u015bl\u0105skie<\/span><\/a>.<\/li><li style=\"text-align: left;\">Powiat: bezsprzecznie <a id=\"a11y-url\" href=\" https:\/\/dominiakah.com\/wp\/tychy-od-dawna-do-wspolczesnosci\/\"><span style=\"text-decoration: underline;\">Tychy<\/span><\/a>.<\/li><li style=\"text-align: left;\">Gmina miejska: Tychy (gmina miejska).<\/li><li style=\"text-align: left;\">Miejscowo\u015b\u0107 \/ Miasto: Tychy.<\/li><li style=\"text-align: left;\">Dzielnica Tych\u00f3w: \u015ar\u00f3dmie\u015bcie<\/li><li style=\"text-align: left;\">Umiejscowienie w Mie\u015bcie: reasumuj\u0105c &#8211; Centrum.<\/li><li style=\"text-align: left;\">Osiedle: H \u2013 (Honorata).<\/li><li style=\"text-align: left;\"><a id=\"a11y-url\" href=\" https:\/\/muzeumminiaturowejsztukiprofesjonalnejhenrykjandominiak.eu\/wp\/ul\/\"><span style=\"text-decoration: underline;\">Ulica<\/span><\/a>: <a id=\"a11y-url\" href=\" https:\/\/dominiakah.com\/wp\/tychy-od-dawna-do-wspolczesnosci\/ulica-zwakowska-w-tychach\/\"><span style=\"text-decoration: underline;\">\u017bwakowska<\/span><\/a> (wie\u017cowiec (sto trzy mieszkania) &#8211; parter).<\/li><li style=\"text-align: left;\">Nr domu (klatki schodowej): 8.<\/li><li style=\"text-align: left;\">Nr lokalu: 66.<\/li><li style=\"text-align: left;\">Kod pocztowy: 43-100.<\/li><li style=\"text-align: left;\">Teren dzia\u0142ania Muzeum: obszar RP i zagranica<\/li><\/ol><h4 style=\"text-align: left;\"><span style=\"color: #000000;\">Cennik<\/span><\/h4><ol><li style=\"text-align: left;\">Bilet normalny &#8211; 50,00 z\u0142, ulgowy 25,00 z\u0142. (p\u0142atno\u015b\u0107 tylko got\u00f3wk\u0105).<\/li><li style=\"text-align: left;\">Do ulgi uprawnieni s\u0105: posiadacze Karty Du\u017cej Rodziny, grupy zorganizowane od 10 os\u00f3b, osoby powy\u017cej 60-go roku \u017cycia.<\/li><\/ol><h3 style=\"text-align: left;\"><span style=\"color: #000000;\">Linki dla stronicy Dzia\u0142y<\/span><\/h3><p style=\"text-align: left;\">1. <a id=\"a11y-url\" href=\" https:\/\/www.gov.pl\/web\/bip\/muzeum-miniaturowej-sztuki-profesjonalnej-henryk-jan-dominiak-w-tychach\"><span style=\"text-decoration: underline;\">BIP gov pl<\/span><\/a>.<\/p><p style=\"text-align: left;\">2. <a id=\"a11y-url\" href=\" https:\/\/bip.mkdnis.gov.pl\/media\/download_gallery\/20140204Muzea_utworzone_przez_osoby_fizyczne.pdf\"><span style=\"text-decoration: underline;\">BIP MKDNiS gov pl<\/span><\/a>.<\/p><p style=\"text-align: left;\">3. <a id=\"a11y-url\" href=\" https:\/\/prod.ceidg.gov.pl\/CEIDG\/ceidg.public.ui\/Search.aspx\"><span style=\"text-decoration: underline;\">CEIDG<\/span><\/a>.<\/p><p style=\"text-align: left;\">4. <a id=\"a11y-url\" href=\" https:\/\/dominiakah.com\/wp\/tychy-od-dawna-do-wspolczesnosci\/ulica-zwakowska-w-tychach\/zielone-tychy-kultura-mmsphjd\/\"><span style=\"text-decoration: underline;\">galeria w przestrzeni miejskiej: ZIELONE TYCHY KULTURA<\/span><\/a>.<\/p>\t\t\t\t\t\t<\/div>\n\t\t\t\t<\/div>\n\t\t\t\t\t<\/div>\n\t\t<\/div>\n\t\t\t\t\t\t\t<\/div>\n\t\t<\/section>\n\t\t\t\t\t\t<\/div>\n\t\t\t\t\t<\/div>\n\t\t","protected":false},"excerpt":{"rendered":"<p>W naszym muzeum wyr\u00f3\u017cnia si\u0119 cztery typy dzia\u0142\u00f3w, kt\u00f3re zajmuj\u0105 si\u0119 r\u00f3\u017cnymi aspektami dzia\u0142alno\u015bci, w szczeg\u00f3lno\u015bci kolekcjonowaniem i badaniem dzie\u0142 sztuki oraz rzemios\u0142a. DZIA\u0141Y to szpalta, na kt\u00f3rej przede wszystkim mamy mo\u017cliwo\u015b\u0107 zapozna\u0107 Pa\u0144stwa z sektorami gromadzenia eksponat\u00f3w przez Muzeum Miniaturowej Sztuki Profesjonalnej Henryk Jan Dominiak w Tychach. Oczywi\u015bcie opis tego niewielkiego, ale wyj\u0105tkowego muzeum, [&hellip;]<\/p>\n","protected":false},"author":1,"featured_media":0,"parent":0,"menu_order":196,"comment_status":"open","ping_status":"closed","template":"","meta":[],"yoast_head":"<!-- This site is optimized with the Yoast SEO plugin v18.4.1 - https:\/\/yoast.com\/wordpress\/plugins\/seo\/ -->\n<title>Dzia\u0142y - Muzeum Miniaturowej Sztuki Profesjonalnej Henryk Jan Dominiak w Tychach.<\/title>\n<meta name=\"robots\" content=\"index, follow, max-snippet:-1, max-image-preview:large, max-video-preview:-1\" \/>\n<link rel=\"canonical\" href=\"https:\/\/muzeumminiaturowejsztukiprofesjonalnejhenrykjandominiak.eu\/wp\/dzialy\/\" \/>\n<meta property=\"og:locale\" content=\"pl_PL\" \/>\n<meta property=\"og:type\" content=\"article\" \/>\n<meta property=\"og:title\" content=\"Dzia\u0142y - Muzeum Miniaturowej Sztuki Profesjonalnej Henryk Jan Dominiak w Tychach.\" \/>\n<meta property=\"og:description\" content=\"W naszym muzeum wyr\u00f3\u017cnia si\u0119 cztery typy dzia\u0142\u00f3w, kt\u00f3re zajmuj\u0105 si\u0119 r\u00f3\u017cnymi aspektami dzia\u0142alno\u015bci, w szczeg\u00f3lno\u015bci kolekcjonowaniem i badaniem dzie\u0142 sztuki oraz rzemios\u0142a. DZIA\u0141Y to szpalta, na kt\u00f3rej przede wszystkim mamy mo\u017cliwo\u015b\u0107 zapozna\u0107 Pa\u0144stwa z sektorami gromadzenia eksponat\u00f3w przez Muzeum Miniaturowej Sztuki Profesjonalnej Henryk Jan Dominiak w Tychach. Oczywi\u015bcie opis tego niewielkiego, ale wyj\u0105tkowego muzeum, [&hellip;]\" \/>\n<meta property=\"og:url\" content=\"https:\/\/muzeumminiaturowejsztukiprofesjonalnejhenrykjandominiak.eu\/wp\/dzialy\/\" \/>\n<meta property=\"og:site_name\" content=\"Muzeum Miniaturowej Sztuki Profesjonalnej Henryk Jan Dominiak w Tychach.\" \/>\n<meta property=\"article:modified_time\" content=\"2025-07-24T06:16:04+00:00\" \/>\n<meta property=\"og:image\" content=\"https:\/\/muzeumminiaturowejsztukiprofesjonalnejhenrykjandominiak.eu\/wp\/wp-content\/uploads\/2020\/02\/cropped-logo-Muzeum-Miniaturowej-Sztuki-Profesjonalnej-Henryk-Jan-Dominiak-DOMINIAK-AH-300x300.png\" \/>\n<meta name=\"twitter:card\" content=\"summary\" \/>\n<meta name=\"twitter:label1\" content=\"Szacowany czas czytania\" \/>\n\t<meta name=\"twitter:data1\" content=\"2 minuty\" \/>\n<script type=\"application\/ld+json\" class=\"yoast-schema-graph\">{\"@context\":\"https:\/\/schema.org\",\"@graph\":[{\"@type\":\"WebSite\",\"@id\":\"https:\/\/muzeumminiaturowejsztukiprofesjonalnejhenrykjandominiak.eu\/wp\/#website\",\"url\":\"https:\/\/muzeumminiaturowejsztukiprofesjonalnejhenrykjandominiak.eu\/wp\/\",\"name\":\"Muzeum Miniaturowej Sztuki Profesjonalnej Henryk Jan Dominiak w Tychach.\",\"description\":\"\",\"potentialAction\":[{\"@type\":\"SearchAction\",\"target\":{\"@type\":\"EntryPoint\",\"urlTemplate\":\"https:\/\/muzeumminiaturowejsztukiprofesjonalnejhenrykjandominiak.eu\/wp\/?s={search_term_string}\"},\"query-input\":\"required name=search_term_string\"}],\"inLanguage\":\"pl-PL\"},{\"@type\":\"ImageObject\",\"@id\":\"https:\/\/muzeumminiaturowejsztukiprofesjonalnejhenrykjandominiak.eu\/wp\/dzialy\/#primaryimage\",\"inLanguage\":\"pl-PL\",\"url\":\"https:\/\/muzeumminiaturowejsztukiprofesjonalnejhenrykjandominiak.eu\/wp\/wp-content\/uploads\/2020\/02\/cropped-logo-Muzeum-Miniaturowej-Sztuki-Profesjonalnej-Henryk-Jan-Dominiak-DOMINIAK-AH.png\",\"contentUrl\":\"https:\/\/muzeumminiaturowejsztukiprofesjonalnejhenrykjandominiak.eu\/wp\/wp-content\/uploads\/2020\/02\/cropped-logo-Muzeum-Miniaturowej-Sztuki-Profesjonalnej-Henryk-Jan-Dominiak-DOMINIAK-AH.png\",\"width\":512,\"height\":512},{\"@type\":\"WebPage\",\"@id\":\"https:\/\/muzeumminiaturowejsztukiprofesjonalnejhenrykjandominiak.eu\/wp\/dzialy\/#webpage\",\"url\":\"https:\/\/muzeumminiaturowejsztukiprofesjonalnejhenrykjandominiak.eu\/wp\/dzialy\/\",\"name\":\"Dzia\u0142y - Muzeum Miniaturowej Sztuki Profesjonalnej Henryk Jan Dominiak w Tychach.\",\"isPartOf\":{\"@id\":\"https:\/\/muzeumminiaturowejsztukiprofesjonalnejhenrykjandominiak.eu\/wp\/#website\"},\"primaryImageOfPage\":{\"@id\":\"https:\/\/muzeumminiaturowejsztukiprofesjonalnejhenrykjandominiak.eu\/wp\/dzialy\/#primaryimage\"},\"datePublished\":\"2021-05-23T16:23:13+00:00\",\"dateModified\":\"2025-07-24T06:16:04+00:00\",\"breadcrumb\":{\"@id\":\"https:\/\/muzeumminiaturowejsztukiprofesjonalnejhenrykjandominiak.eu\/wp\/dzialy\/#breadcrumb\"},\"inLanguage\":\"pl-PL\",\"potentialAction\":[{\"@type\":\"ReadAction\",\"target\":[\"https:\/\/muzeumminiaturowejsztukiprofesjonalnejhenrykjandominiak.eu\/wp\/dzialy\/\"]}]},{\"@type\":\"BreadcrumbList\",\"@id\":\"https:\/\/muzeumminiaturowejsztukiprofesjonalnejhenrykjandominiak.eu\/wp\/dzialy\/#breadcrumb\",\"itemListElement\":[{\"@type\":\"ListItem\",\"position\":1,\"name\":\"Strona g\u0142\u00f3wna\",\"item\":\"https:\/\/muzeumminiaturowejsztukiprofesjonalnejhenrykjandominiak.eu\/wp\/\"},{\"@type\":\"ListItem\",\"position\":2,\"name\":\"Dzia\u0142y\"}]}]}<\/script>\n<!-- \/ Yoast SEO plugin. -->","yoast_head_json":{"title":"Dzia\u0142y - Muzeum Miniaturowej Sztuki Profesjonalnej Henryk Jan Dominiak w Tychach.","robots":{"index":"index","follow":"follow","max-snippet":"max-snippet:-1","max-image-preview":"max-image-preview:large","max-video-preview":"max-video-preview:-1"},"canonical":"https:\/\/muzeumminiaturowejsztukiprofesjonalnejhenrykjandominiak.eu\/wp\/dzialy\/","og_locale":"pl_PL","og_type":"article","og_title":"Dzia\u0142y - Muzeum Miniaturowej Sztuki Profesjonalnej Henryk Jan Dominiak w Tychach.","og_description":"W naszym muzeum wyr\u00f3\u017cnia si\u0119 cztery typy dzia\u0142\u00f3w, kt\u00f3re zajmuj\u0105 si\u0119 r\u00f3\u017cnymi aspektami dzia\u0142alno\u015bci, w szczeg\u00f3lno\u015bci kolekcjonowaniem i badaniem dzie\u0142 sztuki oraz rzemios\u0142a. DZIA\u0141Y to szpalta, na kt\u00f3rej przede wszystkim mamy mo\u017cliwo\u015b\u0107 zapozna\u0107 Pa\u0144stwa z sektorami gromadzenia eksponat\u00f3w przez Muzeum Miniaturowej Sztuki Profesjonalnej Henryk Jan Dominiak w Tychach. Oczywi\u015bcie opis tego niewielkiego, ale wyj\u0105tkowego muzeum, [&hellip;]","og_url":"https:\/\/muzeumminiaturowejsztukiprofesjonalnejhenrykjandominiak.eu\/wp\/dzialy\/","og_site_name":"Muzeum Miniaturowej Sztuki Profesjonalnej Henryk Jan Dominiak w Tychach.","article_modified_time":"2025-07-24T06:16:04+00:00","og_image":[{"url":"https:\/\/muzeumminiaturowejsztukiprofesjonalnejhenrykjandominiak.eu\/wp\/wp-content\/uploads\/2020\/02\/cropped-logo-Muzeum-Miniaturowej-Sztuki-Profesjonalnej-Henryk-Jan-Dominiak-DOMINIAK-AH-300x300.png"}],"twitter_card":"summary","twitter_misc":{"Szacowany czas czytania":"2 minuty"},"schema":{"@context":"https:\/\/schema.org","@graph":[{"@type":"WebSite","@id":"https:\/\/muzeumminiaturowejsztukiprofesjonalnejhenrykjandominiak.eu\/wp\/#website","url":"https:\/\/muzeumminiaturowejsztukiprofesjonalnejhenrykjandominiak.eu\/wp\/","name":"Muzeum Miniaturowej Sztuki Profesjonalnej Henryk Jan Dominiak w Tychach.","description":"","potentialAction":[{"@type":"SearchAction","target":{"@type":"EntryPoint","urlTemplate":"https:\/\/muzeumminiaturowejsztukiprofesjonalnejhenrykjandominiak.eu\/wp\/?s={search_term_string}"},"query-input":"required name=search_term_string"}],"inLanguage":"pl-PL"},{"@type":"ImageObject","@id":"https:\/\/muzeumminiaturowejsztukiprofesjonalnejhenrykjandominiak.eu\/wp\/dzialy\/#primaryimage","inLanguage":"pl-PL","url":"https:\/\/muzeumminiaturowejsztukiprofesjonalnejhenrykjandominiak.eu\/wp\/wp-content\/uploads\/2020\/02\/cropped-logo-Muzeum-Miniaturowej-Sztuki-Profesjonalnej-Henryk-Jan-Dominiak-DOMINIAK-AH.png","contentUrl":"https:\/\/muzeumminiaturowejsztukiprofesjonalnejhenrykjandominiak.eu\/wp\/wp-content\/uploads\/2020\/02\/cropped-logo-Muzeum-Miniaturowej-Sztuki-Profesjonalnej-Henryk-Jan-Dominiak-DOMINIAK-AH.png","width":512,"height":512},{"@type":"WebPage","@id":"https:\/\/muzeumminiaturowejsztukiprofesjonalnejhenrykjandominiak.eu\/wp\/dzialy\/#webpage","url":"https:\/\/muzeumminiaturowejsztukiprofesjonalnejhenrykjandominiak.eu\/wp\/dzialy\/","name":"Dzia\u0142y - Muzeum Miniaturowej Sztuki Profesjonalnej Henryk Jan Dominiak w Tychach.","isPartOf":{"@id":"https:\/\/muzeumminiaturowejsztukiprofesjonalnejhenrykjandominiak.eu\/wp\/#website"},"primaryImageOfPage":{"@id":"https:\/\/muzeumminiaturowejsztukiprofesjonalnejhenrykjandominiak.eu\/wp\/dzialy\/#primaryimage"},"datePublished":"2021-05-23T16:23:13+00:00","dateModified":"2025-07-24T06:16:04+00:00","breadcrumb":{"@id":"https:\/\/muzeumminiaturowejsztukiprofesjonalnejhenrykjandominiak.eu\/wp\/dzialy\/#breadcrumb"},"inLanguage":"pl-PL","potentialAction":[{"@type":"ReadAction","target":["https:\/\/muzeumminiaturowejsztukiprofesjonalnejhenrykjandominiak.eu\/wp\/dzialy\/"]}]},{"@type":"BreadcrumbList","@id":"https:\/\/muzeumminiaturowejsztukiprofesjonalnejhenrykjandominiak.eu\/wp\/dzialy\/#breadcrumb","itemListElement":[{"@type":"ListItem","position":1,"name":"Strona g\u0142\u00f3wna","item":"https:\/\/muzeumminiaturowejsztukiprofesjonalnejhenrykjandominiak.eu\/wp\/"},{"@type":"ListItem","position":2,"name":"Dzia\u0142y"}]}]}},"_links":{"self":[{"href":"https:\/\/muzeumminiaturowejsztukiprofesjonalnejhenrykjandominiak.eu\/wp\/wp-json\/wp\/v2\/pages\/15669"}],"collection":[{"href":"https:\/\/muzeumminiaturowejsztukiprofesjonalnejhenrykjandominiak.eu\/wp\/wp-json\/wp\/v2\/pages"}],"about":[{"href":"https:\/\/muzeumminiaturowejsztukiprofesjonalnejhenrykjandominiak.eu\/wp\/wp-json\/wp\/v2\/types\/page"}],"author":[{"embeddable":true,"href":"https:\/\/muzeumminiaturowejsztukiprofesjonalnejhenrykjandominiak.eu\/wp\/wp-json\/wp\/v2\/users\/1"}],"replies":[{"embeddable":true,"href":"https:\/\/muzeumminiaturowejsztukiprofesjonalnejhenrykjandominiak.eu\/wp\/wp-json\/wp\/v2\/comments?post=15669"}],"version-history":[{"count":212,"href":"https:\/\/muzeumminiaturowejsztukiprofesjonalnejhenrykjandominiak.eu\/wp\/wp-json\/wp\/v2\/pages\/15669\/revisions"}],"predecessor-version":[{"id":42804,"href":"https:\/\/muzeumminiaturowejsztukiprofesjonalnejhenrykjandominiak.eu\/wp\/wp-json\/wp\/v2\/pages\/15669\/revisions\/42804"}],"wp:attachment":[{"href":"https:\/\/muzeumminiaturowejsztukiprofesjonalnejhenrykjandominiak.eu\/wp\/wp-json\/wp\/v2\/media?parent=15669"}],"curies":[{"name":"wp","href":"https:\/\/api.w.org\/{rel}","templated":true}]}}