{"id":24674,"date":"2022-08-23T15:13:06","date_gmt":"2022-08-23T15:13:06","guid":{"rendered":"https:\/\/muzeumminiaturowejsztukiprofesjonalnejhenrykjandominiak.eu\/wp\/?page_id=24674"},"modified":"2022-08-28T07:55:22","modified_gmt":"2022-08-28T07:55:22","slug":"restauracja","status":"publish","type":"page","link":"https:\/\/muzeumminiaturowejsztukiprofesjonalnejhenrykjandominiak.eu\/wp\/restauracja\/","title":{"rendered":"Restauracja"},"content":{"rendered":"\t\t<div data-elementor-type=\"wp-page\" data-elementor-id=\"24674\" class=\"elementor elementor-24674\" data-elementor-settings=\"[]\">\n\t\t\t\t\t\t\t<div class=\"elementor-section-wrap\">\n\t\t\t\t\t\t\t<section class=\"elementor-section elementor-top-section elementor-element elementor-element-dfe78f9 elementor-section-boxed elementor-section-height-default elementor-section-height-default\" data-id=\"dfe78f9\" data-element_type=\"section\">\n\t\t\t\t\t\t<div class=\"elementor-container elementor-column-gap-default\">\n\t\t\t\t\t<div class=\"elementor-column elementor-col-100 elementor-top-column elementor-element elementor-element-3dc6e20\" data-id=\"3dc6e20\" data-element_type=\"column\">\n\t\t\t<div class=\"elementor-widget-wrap elementor-element-populated\">\n\t\t\t\t\t\t\t\t<div class=\"elementor-element elementor-element-12f5dfa elementor-widget elementor-widget-text-editor\" data-id=\"12f5dfa\" data-element_type=\"widget\" data-widget_type=\"text-editor.default\">\n\t\t\t\t<div class=\"elementor-widget-container\">\n\t\t\t\t\t\t\t\t<h2 id=\"a11y-restauracja\" style=\"text-align: left;\"><span style=\"color: #008080;\">Restauracja<\/span><\/h2>\n<p style=\"text-align: left;\"><span id=\"a11y-wstep\">Restauracja<\/span> bezsprzecznie, to cybernetyczne zrelacjonowanie p\u0142aszczyzny asygnowanej w kierunku przedsi\u0119wzi\u0119\u0107 odtworzenia czy odzwierciedlenia tradycji istnienia przedstawicieli rodu sprawuj\u0105cych w\u0142adz\u0119. W rezultacie, slogan jest spolegliwy wsp\u00f3\u0142graj\u0105c z art. 12 pkt 7 ordynacji z dnia 4 kwietnia 2019 r. Przez to, utrwalony jest sugestywnie z ceremonia\u0142em horyzontu sieciowego i oprogramowania mobilnego podmiot\u00f3w publicznych (Dz. U. poz. 848). Og\u00f3lnie rzecz bior\u0105c, odznacza si\u0119 r\u00f3wnowaga z \u201eustaw\u0105 o przyst\u0119pno\u015bci cyfrowej\u201d.<\/p>\n<a href=\"https:\/\/muzeumminiaturowejsztukiprofesjonalnejhenrykjandominiak.eu\/wp\/wp-content\/uploads\/2020\/02\/cropped-logo-Muzeum-Miniaturowej-Sztuki-Profesjonalnej-Henryk-Jan-Dominiak-DOMINIAK-AH.png\"><img loading=\"lazy\" class=\"alignnone wp-image-7395\" src=\"https:\/\/muzeumminiaturowejsztukiprofesjonalnejhenrykjandominiak.eu\/wp\/wp-content\/uploads\/2020\/02\/cropped-logo-Muzeum-Miniaturowej-Sztuki-Profesjonalnej-Henryk-Jan-Dominiak-DOMINIAK-AH-300x300.png\" alt=\"Restauracja cropped-logo-Muzeum-Miniaturowej-Sztuki-Profesjonalnej-Henryk-Jan-Dominiak-DOMINIAK-AH.png\" width=\"200\" height=\"200\" srcset=\"https:\/\/muzeumminiaturowejsztukiprofesjonalnejhenrykjandominiak.eu\/wp\/wp-content\/uploads\/2020\/02\/cropped-logo-Muzeum-Miniaturowej-Sztuki-Profesjonalnej-Henryk-Jan-Dominiak-DOMINIAK-AH-300x300.png 300w, https:\/\/muzeumminiaturowejsztukiprofesjonalnejhenrykjandominiak.eu\/wp\/wp-content\/uploads\/2020\/02\/cropped-logo-Muzeum-Miniaturowej-Sztuki-Profesjonalnej-Henryk-Jan-Dominiak-DOMINIAK-AH-150x150.png 150w, https:\/\/muzeumminiaturowejsztukiprofesjonalnejhenrykjandominiak.eu\/wp\/wp-content\/uploads\/2020\/02\/cropped-logo-Muzeum-Miniaturowej-Sztuki-Profesjonalnej-Henryk-Jan-Dominiak-DOMINIAK-AH-270x270.png 270w, https:\/\/muzeumminiaturowejsztukiprofesjonalnejhenrykjandominiak.eu\/wp\/wp-content\/uploads\/2020\/02\/cropped-logo-Muzeum-Miniaturowej-Sztuki-Profesjonalnej-Henryk-Jan-Dominiak-DOMINIAK-AH-192x192.png 192w, https:\/\/muzeumminiaturowejsztukiprofesjonalnejhenrykjandominiak.eu\/wp\/wp-content\/uploads\/2020\/02\/cropped-logo-Muzeum-Miniaturowej-Sztuki-Profesjonalnej-Henryk-Jan-Dominiak-DOMINIAK-AH-180x180.png 180w, https:\/\/muzeumminiaturowejsztukiprofesjonalnejhenrykjandominiak.eu\/wp\/wp-content\/uploads\/2020\/02\/cropped-logo-Muzeum-Miniaturowej-Sztuki-Profesjonalnej-Henryk-Jan-Dominiak-DOMINIAK-AH-32x32.png 32w, https:\/\/muzeumminiaturowejsztukiprofesjonalnejhenrykjandominiak.eu\/wp\/wp-content\/uploads\/2020\/02\/cropped-logo-Muzeum-Miniaturowej-Sztuki-Profesjonalnej-Henryk-Jan-Dominiak-DOMINIAK-AH.png 512w\" sizes=\"(max-width: 200px) 100vw, 200px\" \/><\/a>\n<p style=\"text-align: left;\"><span id=\"a11y-podmiot\">Muzeum Miniaturowej Sztuki Profesjonalnej Henryk Jan Dominiak w Tychach<\/span> tym samym, daje gwarancj\u0119 zwarto\u015bci umieszczonej pozycji z wspomnian\u0105 mimochodem uniformizacj\u0105. W takim razie, zape\u0142nia niezm\u0105cone zobowi\u0105zanie sumaryczne <span style=\"text-decoration: underline;\"><span style=\"color: #2462bf; text-decoration: underline;\"><a id=\"a11y-url\" style=\"color: #2462bf; text-decoration: underline;\" href=\"https:\/\/muzeumminiaturowejsztukiprofesjonalnejhenrykjandominiak.eu\/wp\/\">rubryk Muzeum Miniaturowej Sztuki Profesjonalnej Henryk Jan Dominiak w Tychach<\/a><\/span><\/span><\/p>\n<p style=\"text-align: left;\">Oznaczony dzie\u0144 z jednej strony publikacji strony internetowej: <span id=\"a11y-data-publikacja\">2022-08-23<\/span>. Oznaczony dzie\u0144 z drugiej za\u015b strony ostatniej istotnej aktualizacji: <span id=\"a11y-data-aktualizacja\">2022-08-24<\/span>.<\/p>\n\n<h3 style=\"text-align: left;\"><span style=\"color: #008080;\"><span id=\"a11y-wstep\">Restauracja<\/span><\/span><\/h3>\n<p style=\"text-align: left;\">Bez w\u0105tpienia, restauracj\u0105 z j\u0119zyka \u0142aci\u0144skiego (restauratio) okre\u015bla si\u0119 odnowienie, przywr\u00f3cenie.<\/p>\n\n<ol>\n \t<li style=\"text-align: left;\">Konkretnie to, restauracja Stuart\u00f3w w postaci Karola II, na tron Anglii i Szkocji, ziszczona 26 maja 1660 jako nast\u0119pstwo zamachu genera\u0142a G. Monka i rozporz\u0105dzenia zwo\u0142anego przez niego parlamentu. W ka\u017cdym razie, ponowne pojawienie si\u0119 Karola II na tronie po\u0142o\u017cy\u0107 kres okresowi rewolucji angielskiej (1640-60) i represji wojskowej w Anglii. W podsumowaniu, wraz z restauracj\u0105 monarchii restytuowano pozbawien\u0105 wa\u017cno\u015bci 1649 Izb\u0119 Lord\u00f3w. Na zako\u0144czenie, ko\u015bci\u00f3\u0142 za\u015b anglika\u0144ski otrzyma\u0142 rekompensat\u0119 w przedmiocie uprzywilejowanego stanowiska.<\/li>\n \t<li style=\"text-align: left;\">Nie schodz\u0105c z tematu, restauracja Burbon\u00f3w we Francji. Prawd\u0119 powiedziawszy, pierwsz\u0105 restauracj\u0105 mieni si\u0119 okres 1814-15, od obj\u0119cia tronu przez Ludwika XVIII do jego umkni\u0119cia po nawrocie Napoleona I (1 marca 1815) z wyspy Ellby. Wracaj\u0105c do tematu, druga restauracja Burbon\u00f3w &#8211; 1815-30, od kolejnego powrotu Ludwika XVIII (po stu dniach napoleo\u0144skich) do abdykacji Karola X pod presj\u0105 rewolucji lipcowej 1830.<\/li>\n<\/ol>\n<h3 style=\"text-align: left;\"><span style=\"color: #008080;\">Odmienne znaczenie restauracji<\/span><\/h3>\n<p style=\"text-align: left;\">Podobnym sposobem, w j\u0119zyku \u0142aci\u0144skim restauracj\u0105 precyzowano odnowienie, odbudow\u0119, renowacj\u0119 dzie\u0142 sztuki. W konsekwencji, termin stosowany dawniej jako synonim konserwacji zabytk\u00f3w.<\/p>\n\n<h3 style=\"text-align: left;\"><span style=\"color: #008080;\">Hiper\u0142\u0105cza w rzeczy samej wewn\u0119trzne wsp\u00f3\u0142graj\u0105ce z tematem<\/span><\/h3>\n<ol>\n \t<li style=\"text-align: left;\"><span style=\"color: #2462bf;\"><a id=\"a11y-url\" style=\"color: #2462bf;\" href=\"https:\/\/muzeumminiaturowejsztukiprofesjonalnejhenrykjandominiak.eu\/wp\/mal80-orion-tyciutki-kolaz-z-prawdziwych-kamyczkow-szlachetnych-oraz-dekoracyjnych\/\"><span style=\"text-decoration: underline;\">Wbrew pozorom Orion<\/span><\/a><\/span><\/li>\n \t<li style=\"text-align: left;\"><span style=\"color: #2462bf;\"><a id=\"a11y-url\" style=\"color: #2462bf;\" href=\"https:\/\/muzeumminiaturowejsztukiprofesjonalnejhenrykjandominiak.eu\/wp\/ul\/\"><span style=\"text-decoration: underline;\">\u017bwakowska ul<\/span><\/a><\/span><\/li>\n \t<li style=\"text-align: left;\"><span style=\"color: #2462bf;\"><a id=\"a11y-url\" style=\"color: #2462bf;\" href=\"https:\/\/muzeumminiaturowejsztukiprofesjonalnejhenrykjandominiak.eu\/wp\/informator-skupionej-heraldyki\/\"><span style=\"text-decoration: underline;\">Informator skupionej heraldyki<\/span><\/a><\/span><\/li>\n<\/ol>\n<h3 style=\"text-align: left;\"><span style=\"color: #008080;\">Hiper\u0142\u0105cza podobnym sposobem zewn\u0119trzne skumulowane z sygna\u0142em<\/span><\/h3>\n<ol>\n \t<li style=\"text-align: left;\"><span style=\"color: #2462bf;\"><a id=\"a11y-url\" style=\"color: #2462bf;\" href=\"https:\/\/dominiakah.com\/wp\/tychy-od-dawna-do-wspolczesnosci\/ulica-zwakowska-w-tychach\/\"><span style=\"text-decoration: underline;\">Ulica \u017bwakowska w Tychach<\/span><\/a><\/span><\/li>\n \t<li style=\"text-align: left;\"><span style=\"color: #2462bf;\"><a id=\"a11y-url\" style=\"color: #2462bf;\" href=\"http:\/\/dominiakah.com\/wp\/tychy-od-dawna-do-wspolczesnosci\/aleja-jana-pawla-ii-w-tychach\/\/\"><span style=\"text-decoration: underline;\">Aleja Jana Paw\u0142a II w Tychach<\/span><\/a><\/span><\/li>\n \t<li style=\"text-align: left;\"><span style=\"color: #2462bf;\"><a id=\"a11y-url\" style=\"color: #2462bf;\" href=\"https:\/\/miastodzieci.pl\/katalog\/muzeum-miniaturowej-sztuki-profesjonalnej-henryk-jan-dominiak-w-tychach\/\"><span style=\"text-decoration: underline;\">poza tym miasto dzieci<\/span><\/a><\/span><\/li>\n \t<li style=\"text-align: left;\"><span style=\"color: #2462bf;\"><a id=\"a11y-url\" style=\"color: #2462bf;\" href=\"https:\/\/dominiakah.com\/wp\/tychy-od-dawna-do-wspolczesnosci\/ulica-zwakowska-w-tychach\/zielone-tychy-kultura-mmsphjd\/\"><span style=\"text-decoration: underline;\">Zielone Tychy Kultura MMSPHJD INFO<\/span><\/a><\/span><\/li>\n \t<li style=\"text-align: left;\"><span style=\"color: #2462bf;\"><a id=\"a11y-url\" style=\"color: #2462bf;\" href=\"https:\/\/dominiakah.com\/wp\/polska-panstwo-w-europie-srodkowej\/\"><span style=\"text-decoration: underline;\">Na dodatek Polska pa\u0144stwo w Europie \u015arodkowej sprzymierzone z zachodnimi krajami<\/span><\/a><\/span><\/li>\n \t<li style=\"text-align: left;\"><span style=\"color: #2462bf;\"><a id=\"a11y-url\" style=\"color: #2462bf;\" href=\"https:\/\/dominiakah.com\/wp\/tychy-od-dawna-do-wspolczesnosci\/ulica-generala-jana-henryka-dabrowskiego-w-tychach\/\"><span style=\"text-decoration: underline;\">Istotnie ulica Genera\u0142a Jana Henryka D\u0105browskiego w Tychach<\/span><\/a><\/span><\/li>\n \t<li style=\"text-align: left;\"><span style=\"color: #2462bf;\"><a id=\"a11y-url\" style=\"color: #2462bf;\" href=\"https:\/\/dominiakah.com\/wp\/tychy-od-dawna-do-wspolczesnosci\/ulica-cienista-w-tychach\/\"><span style=\"text-decoration: underline;\">W szczeg\u00f3lno\u015bci trasa Cienista<\/span><\/a><\/span><\/li>\n \t<li style=\"text-align: left;\"><span style=\"color: #2462bf;\"><a id=\"a11y-url\" style=\"color: #2462bf;\" href=\"https:\/\/dominiakah.com\/wp\/tychy-od-dawna-do-wspolczesnosci\/ulica-katowicka-w-tychach\/\"><span style=\"text-decoration: underline;\">Przy tym wylot\u00f3wka Katowicka<\/span><\/a><\/span><\/li>\n<\/ol>\t\t\t\t\t\t<\/div>\n\t\t\t\t<\/div>\n\t\t\t\t\t<\/div>\n\t\t<\/div>\n\t\t\t\t\t\t\t<\/div>\n\t\t<\/section>\n\t\t\t\t\t\t<\/div>\n\t\t\t\t\t<\/div>\n\t\t","protected":false},"excerpt":{"rendered":"<p>Restauracja Restauracja bezsprzecznie, to cybernetyczne zrelacjonowanie p\u0142aszczyzny asygnowanej w kierunku przedsi\u0119wzi\u0119\u0107 odtworzenia czy odzwierciedlenia tradycji istnienia przedstawicieli rodu sprawuj\u0105cych w\u0142adz\u0119. W rezultacie, slogan jest spolegliwy wsp\u00f3\u0142graj\u0105c z art. 12 pkt 7 ordynacji z dnia 4 kwietnia 2019 r. Przez to, utrwalony jest sugestywnie z ceremonia\u0142em horyzontu sieciowego i oprogramowania mobilnego podmiot\u00f3w publicznych (Dz. U. poz. [&hellip;]<\/p>\n","protected":false},"author":1,"featured_media":6562,"parent":0,"menu_order":223220,"comment_status":"open","ping_status":"closed","template":"","meta":[],"yoast_head":"<!-- This site is optimized with the Yoast SEO plugin v18.4.1 - https:\/\/yoast.com\/wordpress\/plugins\/seo\/ -->\n<title>Restauracja - Muzeum Miniaturowej Sztuki Profesjonalnej Henryk Jan Dominiak w Tychach.<\/title>\n<meta name=\"description\" content=\"Restauracja, jest to niew\u0105tpliwie artyku\u0142 traktuj\u0105cy o odnowie b\u0105d\u017a rekonstrukcji rod\u00f3w kr\u00f3lewskich sprawuj\u0105cych rz\u0105dy we Francji.\" \/>\n<meta name=\"robots\" content=\"index, follow, max-snippet:-1, max-image-preview:large, max-video-preview:-1\" \/>\n<link rel=\"canonical\" href=\"https:\/\/muzeumminiaturowejsztukiprofesjonalnejhenrykjandominiak.eu\/wp\/restauracja\/\" \/>\n<meta property=\"og:locale\" content=\"pl_PL\" \/>\n<meta property=\"og:type\" content=\"article\" \/>\n<meta property=\"og:title\" content=\"Restauracja - Muzeum Miniaturowej Sztuki Profesjonalnej Henryk Jan Dominiak w Tychach.\" \/>\n<meta property=\"og:description\" content=\"Restauracja, jest to niew\u0105tpliwie artyku\u0142 traktuj\u0105cy o odnowie b\u0105d\u017a rekonstrukcji rod\u00f3w kr\u00f3lewskich sprawuj\u0105cych rz\u0105dy we Francji.\" \/>\n<meta property=\"og:url\" content=\"https:\/\/muzeumminiaturowejsztukiprofesjonalnejhenrykjandominiak.eu\/wp\/restauracja\/\" \/>\n<meta property=\"og:site_name\" content=\"Muzeum Miniaturowej Sztuki Profesjonalnej Henryk Jan Dominiak w Tychach.\" \/>\n<meta property=\"article:modified_time\" content=\"2022-08-28T07:55:22+00:00\" \/>\n<meta property=\"og:image\" content=\"https:\/\/muzeumminiaturowejsztukiprofesjonalnejhenrykjandominiak.eu\/wp\/wp-content\/uploads\/2015\/11\/rze\u017aba-wystawy-rze\u017aby-arcydzie\u0142o-europy-artysta-rze\u017abiarz-polska-sztuka-nowoczesna.png\" \/>\n\t<meta property=\"og:image:width\" content=\"922\" \/>\n\t<meta property=\"og:image:height\" content=\"922\" \/>\n\t<meta property=\"og:image:type\" content=\"image\/png\" \/>\n<meta name=\"twitter:card\" content=\"summary\" \/>\n<meta name=\"twitter:label1\" content=\"Szacowany czas czytania\" \/>\n\t<meta name=\"twitter:data1\" content=\"3 minuty\" \/>\n<script type=\"application\/ld+json\" class=\"yoast-schema-graph\">{\"@context\":\"https:\/\/schema.org\",\"@graph\":[{\"@type\":\"WebSite\",\"@id\":\"https:\/\/muzeumminiaturowejsztukiprofesjonalnejhenrykjandominiak.eu\/wp\/#website\",\"url\":\"https:\/\/muzeumminiaturowejsztukiprofesjonalnejhenrykjandominiak.eu\/wp\/\",\"name\":\"Muzeum Miniaturowej Sztuki Profesjonalnej Henryk Jan Dominiak w Tychach.\",\"description\":\"\",\"potentialAction\":[{\"@type\":\"SearchAction\",\"target\":{\"@type\":\"EntryPoint\",\"urlTemplate\":\"https:\/\/muzeumminiaturowejsztukiprofesjonalnejhenrykjandominiak.eu\/wp\/?s={search_term_string}\"},\"query-input\":\"required name=search_term_string\"}],\"inLanguage\":\"pl-PL\"},{\"@type\":\"ImageObject\",\"@id\":\"https:\/\/muzeumminiaturowejsztukiprofesjonalnejhenrykjandominiak.eu\/wp\/restauracja\/#primaryimage\",\"inLanguage\":\"pl-PL\",\"url\":\"https:\/\/muzeumminiaturowejsztukiprofesjonalnejhenrykjandominiak.eu\/wp\/wp-content\/uploads\/2015\/11\/rze\u017aba-wystawy-rze\u017aby-arcydzie\u0142o-europy-artysta-rze\u017abiarz-polska-sztuka-nowoczesna.png\",\"contentUrl\":\"https:\/\/muzeumminiaturowejsztukiprofesjonalnejhenrykjandominiak.eu\/wp\/wp-content\/uploads\/2015\/11\/rze\u017aba-wystawy-rze\u017aby-arcydzie\u0142o-europy-artysta-rze\u017abiarz-polska-sztuka-nowoczesna.png\",\"width\":922,\"height\":922},{\"@type\":\"WebPage\",\"@id\":\"https:\/\/muzeumminiaturowejsztukiprofesjonalnejhenrykjandominiak.eu\/wp\/restauracja\/#webpage\",\"url\":\"https:\/\/muzeumminiaturowejsztukiprofesjonalnejhenrykjandominiak.eu\/wp\/restauracja\/\",\"name\":\"Restauracja - Muzeum Miniaturowej Sztuki Profesjonalnej Henryk Jan Dominiak w Tychach.\",\"isPartOf\":{\"@id\":\"https:\/\/muzeumminiaturowejsztukiprofesjonalnejhenrykjandominiak.eu\/wp\/#website\"},\"primaryImageOfPage\":{\"@id\":\"https:\/\/muzeumminiaturowejsztukiprofesjonalnejhenrykjandominiak.eu\/wp\/restauracja\/#primaryimage\"},\"datePublished\":\"2022-08-23T15:13:06+00:00\",\"dateModified\":\"2022-08-28T07:55:22+00:00\",\"description\":\"Restauracja, jest to niew\u0105tpliwie artyku\u0142 traktuj\u0105cy o odnowie b\u0105d\u017a rekonstrukcji rod\u00f3w kr\u00f3lewskich sprawuj\u0105cych rz\u0105dy we Francji.\",\"breadcrumb\":{\"@id\":\"https:\/\/muzeumminiaturowejsztukiprofesjonalnejhenrykjandominiak.eu\/wp\/restauracja\/#breadcrumb\"},\"inLanguage\":\"pl-PL\",\"potentialAction\":[{\"@type\":\"ReadAction\",\"target\":[\"https:\/\/muzeumminiaturowejsztukiprofesjonalnejhenrykjandominiak.eu\/wp\/restauracja\/\"]}]},{\"@type\":\"BreadcrumbList\",\"@id\":\"https:\/\/muzeumminiaturowejsztukiprofesjonalnejhenrykjandominiak.eu\/wp\/restauracja\/#breadcrumb\",\"itemListElement\":[{\"@type\":\"ListItem\",\"position\":1,\"name\":\"Strona g\u0142\u00f3wna\",\"item\":\"https:\/\/muzeumminiaturowejsztukiprofesjonalnejhenrykjandominiak.eu\/wp\/\"},{\"@type\":\"ListItem\",\"position\":2,\"name\":\"Restauracja\"}]}]}<\/script>\n<!-- \/ Yoast SEO plugin. -->","yoast_head_json":{"title":"Restauracja - Muzeum Miniaturowej Sztuki Profesjonalnej Henryk Jan Dominiak w Tychach.","description":"Restauracja, jest to niew\u0105tpliwie artyku\u0142 traktuj\u0105cy o odnowie b\u0105d\u017a rekonstrukcji rod\u00f3w kr\u00f3lewskich sprawuj\u0105cych rz\u0105dy we Francji.","robots":{"index":"index","follow":"follow","max-snippet":"max-snippet:-1","max-image-preview":"max-image-preview:large","max-video-preview":"max-video-preview:-1"},"canonical":"https:\/\/muzeumminiaturowejsztukiprofesjonalnejhenrykjandominiak.eu\/wp\/restauracja\/","og_locale":"pl_PL","og_type":"article","og_title":"Restauracja - Muzeum Miniaturowej Sztuki Profesjonalnej Henryk Jan Dominiak w Tychach.","og_description":"Restauracja, jest to niew\u0105tpliwie artyku\u0142 traktuj\u0105cy o odnowie b\u0105d\u017a rekonstrukcji rod\u00f3w kr\u00f3lewskich sprawuj\u0105cych rz\u0105dy we Francji.","og_url":"https:\/\/muzeumminiaturowejsztukiprofesjonalnejhenrykjandominiak.eu\/wp\/restauracja\/","og_site_name":"Muzeum Miniaturowej Sztuki Profesjonalnej Henryk Jan Dominiak w Tychach.","article_modified_time":"2022-08-28T07:55:22+00:00","og_image":[{"width":922,"height":922,"url":"https:\/\/muzeumminiaturowejsztukiprofesjonalnejhenrykjandominiak.eu\/wp\/wp-content\/uploads\/2015\/11\/rze\u017aba-wystawy-rze\u017aby-arcydzie\u0142o-europy-artysta-rze\u017abiarz-polska-sztuka-nowoczesna.png","type":"image\/png"}],"twitter_card":"summary","twitter_misc":{"Szacowany czas czytania":"3 minuty"},"schema":{"@context":"https:\/\/schema.org","@graph":[{"@type":"WebSite","@id":"https:\/\/muzeumminiaturowejsztukiprofesjonalnejhenrykjandominiak.eu\/wp\/#website","url":"https:\/\/muzeumminiaturowejsztukiprofesjonalnejhenrykjandominiak.eu\/wp\/","name":"Muzeum Miniaturowej Sztuki Profesjonalnej Henryk Jan Dominiak w Tychach.","description":"","potentialAction":[{"@type":"SearchAction","target":{"@type":"EntryPoint","urlTemplate":"https:\/\/muzeumminiaturowejsztukiprofesjonalnejhenrykjandominiak.eu\/wp\/?s={search_term_string}"},"query-input":"required name=search_term_string"}],"inLanguage":"pl-PL"},{"@type":"ImageObject","@id":"https:\/\/muzeumminiaturowejsztukiprofesjonalnejhenrykjandominiak.eu\/wp\/restauracja\/#primaryimage","inLanguage":"pl-PL","url":"https:\/\/muzeumminiaturowejsztukiprofesjonalnejhenrykjandominiak.eu\/wp\/wp-content\/uploads\/2015\/11\/rze\u017aba-wystawy-rze\u017aby-arcydzie\u0142o-europy-artysta-rze\u017abiarz-polska-sztuka-nowoczesna.png","contentUrl":"https:\/\/muzeumminiaturowejsztukiprofesjonalnejhenrykjandominiak.eu\/wp\/wp-content\/uploads\/2015\/11\/rze\u017aba-wystawy-rze\u017aby-arcydzie\u0142o-europy-artysta-rze\u017abiarz-polska-sztuka-nowoczesna.png","width":922,"height":922},{"@type":"WebPage","@id":"https:\/\/muzeumminiaturowejsztukiprofesjonalnejhenrykjandominiak.eu\/wp\/restauracja\/#webpage","url":"https:\/\/muzeumminiaturowejsztukiprofesjonalnejhenrykjandominiak.eu\/wp\/restauracja\/","name":"Restauracja - Muzeum Miniaturowej Sztuki Profesjonalnej Henryk Jan Dominiak w Tychach.","isPartOf":{"@id":"https:\/\/muzeumminiaturowejsztukiprofesjonalnejhenrykjandominiak.eu\/wp\/#website"},"primaryImageOfPage":{"@id":"https:\/\/muzeumminiaturowejsztukiprofesjonalnejhenrykjandominiak.eu\/wp\/restauracja\/#primaryimage"},"datePublished":"2022-08-23T15:13:06+00:00","dateModified":"2022-08-28T07:55:22+00:00","description":"Restauracja, jest to niew\u0105tpliwie artyku\u0142 traktuj\u0105cy o odnowie b\u0105d\u017a rekonstrukcji rod\u00f3w kr\u00f3lewskich sprawuj\u0105cych rz\u0105dy we Francji.","breadcrumb":{"@id":"https:\/\/muzeumminiaturowejsztukiprofesjonalnejhenrykjandominiak.eu\/wp\/restauracja\/#breadcrumb"},"inLanguage":"pl-PL","potentialAction":[{"@type":"ReadAction","target":["https:\/\/muzeumminiaturowejsztukiprofesjonalnejhenrykjandominiak.eu\/wp\/restauracja\/"]}]},{"@type":"BreadcrumbList","@id":"https:\/\/muzeumminiaturowejsztukiprofesjonalnejhenrykjandominiak.eu\/wp\/restauracja\/#breadcrumb","itemListElement":[{"@type":"ListItem","position":1,"name":"Strona g\u0142\u00f3wna","item":"https:\/\/muzeumminiaturowejsztukiprofesjonalnejhenrykjandominiak.eu\/wp\/"},{"@type":"ListItem","position":2,"name":"Restauracja"}]}]}},"_links":{"self":[{"href":"https:\/\/muzeumminiaturowejsztukiprofesjonalnejhenrykjandominiak.eu\/wp\/wp-json\/wp\/v2\/pages\/24674"}],"collection":[{"href":"https:\/\/muzeumminiaturowejsztukiprofesjonalnejhenrykjandominiak.eu\/wp\/wp-json\/wp\/v2\/pages"}],"about":[{"href":"https:\/\/muzeumminiaturowejsztukiprofesjonalnejhenrykjandominiak.eu\/wp\/wp-json\/wp\/v2\/types\/page"}],"author":[{"embeddable":true,"href":"https:\/\/muzeumminiaturowejsztukiprofesjonalnejhenrykjandominiak.eu\/wp\/wp-json\/wp\/v2\/users\/1"}],"replies":[{"embeddable":true,"href":"https:\/\/muzeumminiaturowejsztukiprofesjonalnejhenrykjandominiak.eu\/wp\/wp-json\/wp\/v2\/comments?post=24674"}],"version-history":[{"count":87,"href":"https:\/\/muzeumminiaturowejsztukiprofesjonalnejhenrykjandominiak.eu\/wp\/wp-json\/wp\/v2\/pages\/24674\/revisions"}],"predecessor-version":[{"id":24873,"href":"https:\/\/muzeumminiaturowejsztukiprofesjonalnejhenrykjandominiak.eu\/wp\/wp-json\/wp\/v2\/pages\/24674\/revisions\/24873"}],"wp:featuredmedia":[{"embeddable":true,"href":"https:\/\/muzeumminiaturowejsztukiprofesjonalnejhenrykjandominiak.eu\/wp\/wp-json\/wp\/v2\/media\/6562"}],"wp:attachment":[{"href":"https:\/\/muzeumminiaturowejsztukiprofesjonalnejhenrykjandominiak.eu\/wp\/wp-json\/wp\/v2\/media?parent=24674"}],"curies":[{"name":"wp","href":"https:\/\/api.w.org\/{rel}","templated":true}]}}