{"id":26623,"date":"2023-07-13T16:28:00","date_gmt":"2023-07-13T16:28:00","guid":{"rendered":"https:\/\/muzeumminiaturowejsztukiprofesjonalnejhenrykjandominiak.eu\/wp\/?page_id=26623"},"modified":"2026-02-21T04:06:59","modified_gmt":"2026-02-21T04:06:59","slug":"mal101-bitwa-pod-raclawicami","status":"publish","type":"page","link":"https:\/\/muzeumminiaturowejsztukiprofesjonalnejhenrykjandominiak.eu\/wp\/mal101-bitwa-pod-raclawicami\/","title":{"rendered":"MAL101 Bitwa pod Rac\u0142awicami"},"content":{"rendered":"\t\t<div data-elementor-type=\"wp-page\" data-elementor-id=\"26623\" class=\"elementor elementor-26623\" data-elementor-settings=\"[]\">\n\t\t\t\t\t\t\t<div class=\"elementor-section-wrap\">\n\t\t\t\t\t\t\t<section class=\"elementor-section elementor-top-section elementor-element elementor-element-005d24d elementor-section-boxed elementor-section-height-default elementor-section-height-default\" data-id=\"005d24d\" data-element_type=\"section\">\n\t\t\t\t\t\t<div class=\"elementor-container elementor-column-gap-default\">\n\t\t\t\t\t<div class=\"elementor-column elementor-col-100 elementor-top-column elementor-element elementor-element-5b5eb1d\" data-id=\"5b5eb1d\" data-element_type=\"column\">\n\t\t\t<div class=\"elementor-widget-wrap elementor-element-populated\">\n\t\t\t\t\t\t\t\t<div class=\"elementor-element elementor-element-0d4e24e elementor-widget elementor-widget-text-editor\" data-id=\"0d4e24e\" data-element_type=\"widget\" data-widget_type=\"text-editor.default\">\n\t\t\t\t<div class=\"elementor-widget-container\">\n\t\t\t\t\t\t\t\t<h2 id=\"a11y-mal101-bitwa-pod-raclawicami\" lang=\"pl\" style=\"text-align: left;\">Najmniejszy obraz Bitwy pod Rac\u0142awicami to dzie\u0142o sztuki, jakie mo\u017cna zobaczy\u0107 na wystawie w <span id=\"a11y-podmiot\">Muzeum Miniaturowej Sztuki Profesjonalnej Henryk Jan Dominiak w Tychach.<\/span><\/h2><p style=\"text-align: left;\"><a href=\"https:\/\/muzeumminiaturowejsztukiprofesjonalnejhenrykjandominiak.eu\/wp\/wp-content\/uploads\/2020\/02\/cropped-logo-Muzeum-Miniaturowej-Sztuki-Profesjonalnej-Henryk-Jan-Dominiak-DOMINIAK-AH.png\"><img loading=\"lazy\" class=\"alignnone wp-image-7395\" src=\"https:\/\/muzeumminiaturowejsztukiprofesjonalnejhenrykjandominiak.eu\/wp\/wp-content\/uploads\/2020\/02\/cropped-logo-Muzeum-Miniaturowej-Sztuki-Profesjonalnej-Henryk-Jan-Dominiak-DOMINIAK-AH-300x300.png\" alt=\"MAL101 Bitwa pod Rac\u0142awicami\" width=\"50\" height=\"50\" srcset=\"https:\/\/muzeumminiaturowejsztukiprofesjonalnejhenrykjandominiak.eu\/wp\/wp-content\/uploads\/2020\/02\/cropped-logo-Muzeum-Miniaturowej-Sztuki-Profesjonalnej-Henryk-Jan-Dominiak-DOMINIAK-AH-300x300.png 300w, https:\/\/muzeumminiaturowejsztukiprofesjonalnejhenrykjandominiak.eu\/wp\/wp-content\/uploads\/2020\/02\/cropped-logo-Muzeum-Miniaturowej-Sztuki-Profesjonalnej-Henryk-Jan-Dominiak-DOMINIAK-AH-150x150.png 150w, https:\/\/muzeumminiaturowejsztukiprofesjonalnejhenrykjandominiak.eu\/wp\/wp-content\/uploads\/2020\/02\/cropped-logo-Muzeum-Miniaturowej-Sztuki-Profesjonalnej-Henryk-Jan-Dominiak-DOMINIAK-AH-270x270.png 270w, https:\/\/muzeumminiaturowejsztukiprofesjonalnejhenrykjandominiak.eu\/wp\/wp-content\/uploads\/2020\/02\/cropped-logo-Muzeum-Miniaturowej-Sztuki-Profesjonalnej-Henryk-Jan-Dominiak-DOMINIAK-AH-192x192.png 192w, https:\/\/muzeumminiaturowejsztukiprofesjonalnejhenrykjandominiak.eu\/wp\/wp-content\/uploads\/2020\/02\/cropped-logo-Muzeum-Miniaturowej-Sztuki-Profesjonalnej-Henryk-Jan-Dominiak-DOMINIAK-AH-180x180.png 180w, https:\/\/muzeumminiaturowejsztukiprofesjonalnejhenrykjandominiak.eu\/wp\/wp-content\/uploads\/2020\/02\/cropped-logo-Muzeum-Miniaturowej-Sztuki-Profesjonalnej-Henryk-Jan-Dominiak-DOMINIAK-AH-32x32.png 32w, https:\/\/muzeumminiaturowejsztukiprofesjonalnejhenrykjandominiak.eu\/wp\/wp-content\/uploads\/2020\/02\/cropped-logo-Muzeum-Miniaturowej-Sztuki-Profesjonalnej-Henryk-Jan-Dominiak-DOMINIAK-AH.png 512w\" sizes=\"(max-width: 50px) 100vw, 50px\" \/><\/a><\/p><p style=\"text-align: left;\">Warto zauwa\u017cy\u0107, i\u017c <strong>MAL101 Bitwa pod Rac\u0142awicami<\/strong> to przedmiot stworzony przez cz\u0142owieka, ruchomo\u015b\u0107\/mienie, jednym s\u0142owem z dziedziny wizualnej sztuki plastycznej. Obraz\/malarstwo olejne historyczne\/batalistyczne, miniatura na niepodrobionym zespoleniu malachitu i lapisu lazuli w barwach polichromatycznych, kt\u00f3r\u0105 w 2023 roku namalowa\u0142 Wojtek\/Wojciech \u0141uka &#8211; polski artysta malarz, plastyk, grafik i rysownik. Wed\u0142ug wszelkiego prawdopodobie\u0144stwa Tadeusz Ko\u015bciuszko z \u017co\u0142niersk\u0105\/ch\u0142opsk\u0105 piechot\u0105 uzbrojon\u0105 w kosy to og\u00f3lnie najmniejszy charakteryzuj\u0105cy si\u0119 ambitnymi walorami pozytywnej w\u0142a\u015bciwo\u015bci estetycznej obraz\/sygna\u0142 zbrojnego starcia wojsk polskich z wojskami rosyjskimi pod wsi\u0105 Rac\u0142awice.<\/p><h3 style=\"text-align: left;\">Ukazanie eksponatu<\/h3><p style=\"text-align: left;\">Fotografia<\/p><p style=\"text-align: center;\"><img loading=\"lazy\" class=\"alignnone\" src=\"https:\/\/upload.wikimedia.org\/wikipedia\/commons\/0\/0d\/Bitwa_pod_Rac%C5%82awicami_132x77_mm._Artysta_Wojciech_%C5%81uka_13.7.2023._Eksponat_Muzeum_Miniaturowej_Sztuki_Profesjonalnej_Henryk_Jan_Dominiak_w_Tychach.jpg\" alt=\"MAL101 Bitwa pod Rac\u0142awicami\" width=\"150\" height=\"200,46\" \/><\/p><p style=\"text-align: left;\"><em>Rezultat \u015bwiadomej i celowej aktywno\u015bci cz\u0142owieka MAL101 Bitwa pod Rac\u0142awicami, Wojciech \u0141uka, 2023<br \/><\/em><\/p><p style=\"text-align: left;\">Sygnatura \u2013 MAL101.<\/p><p style=\"text-align: left;\">Nazwa obrazu \u2013 Bitwa pod Rac\u0142awicami.<\/p><p style=\"text-align: left;\">Autor \u2013 <a id=\"a11y-url\" href=\" https:\/\/pl.wikipedia.org\/wiki\/Wojtek_%C5%81uka\"><span style=\"text-decoration: underline;\">Wojciech \u0141uka<\/span><\/a>.<\/p><p style=\"text-align: left;\">Rok namalowania \u2013 13 lipca 2023.<\/p><p style=\"text-align: left;\">Tematyka obrazu \u2013 sui generis &#8211; swoistego typu &#8211; malarstwo historyczne.<\/p><p style=\"text-align: left;\">Rodzaj obrazu \u2013 malarstwo batalistyczne.<\/p><p style=\"text-align: left;\">Wymiary nominalne\/zewn\u0119trzne \u2013 odno\u015bnie do wysoko\u015bci i szeroko\u015bci, bez \u017cadnej w\u0105tpliwo\u015bci maj\u0105tku ruchomego Muzeum, \u2013 stricte &#8211; dok\u0142adnie \u2013 wyznacza zakres 13,2 x 7,7 cm.<\/p><p style=\"text-align: left;\">Dziedzina sztuki \u2013 malarstwo.<\/p><p style=\"text-align: left;\">Funkcja dzie\u0142a \u2013 sui generis \u2013 unikalny obraz olejny\/miniatura.<\/p><p style=\"text-align: left;\">Rodzaj pod\u0142o\u017ca \u2013 przywieziony z Rosji naturalnie z\u0142\u0105czony malachit z lapis lazuli.<\/p><p style=\"text-align: left;\">Materia\u0142\/sk\u0142adnik czynno\u015bci tw\u00f3rczej \u2013 farby olejne artystyczne.<\/p><p style=\"text-align: left;\">Paleta barw obrazu wykonanego \u2013 malarstwo polichromatyczne.<\/p><p style=\"text-align: left;\">Mienie ruchome \u2013 de lege lata \u2013 w odniesieniu do obowi\u0105zuj\u0105cej ustawy \u2013 art. 46 Kodeksu cywilnego \u2013 aktualnie, w <span id=\"a11y-podmiot\"><a id=\"a11y-url\" href=\" https:\/\/muzeumminiaturowejsztukiprofesjonalnejhenrykjandominiak.eu\/wp\/\"><span style=\"text-decoration: underline;\">Muzeum Miniaturowej Sztuki Profesjonalnej Henryk Jan Dominiak w Tychach<\/span><\/a><\/span>. Jednocze\u015bnie, postawione w <a id=\"a11y-url\" href=\" https:\/\/muzeumminiaturowejsztukiprofesjonalnejhenrykjandominiak.eu\/wp\/2019\/06\/01\/dzial-malarstwa-rysunku-grafiki\/\"><span style=\"text-decoration: underline;\">Dziale Malarstwa, Rysunku i Grafiki<\/span><\/a>.<\/p><h3 style=\"text-align: left;\">Opis obrazu<\/h3><p style=\"text-align: left;\">Bitwa pod Rac\u0142awicami, minimalistyczne dzie\u0142o malarskie polskiego malarza, znanego artysty, jak i klasyka polskiej sztuki wsp\u00f3\u0142czesnej, Wojciecha \u0141uki. Bezspornie podstaw\u0105 wybuchu powstania w innych regionach Rzeczypospolitej jest w\u0142a\u015bciwie odczytywana, kontemplowana i interpretowana bitwa sprzed lat przesz\u0142o 230. Wtedy, 4 kwietnia 1794 r. na uprawnych gruntach rolnych wsi Rac\u0142awice wyborowe oddzia\u0142y wojsk powsta\u0144czych podleg\u0142e Wodzowi Naczelnemu Tadeuszowi Ko\u015bciuszce pokona\u0142y rosyjskie si\u0142y zbrojne genera\u0142a majora Aleksandra Tormasowa. Zwyci\u0119stwo w tamtym czasie sta\u0142o si\u0119 zapocz\u0105tkowaniem Insurekcji Ko\u015bciuszkowskiej\/Wojciechowi \u0141uce umo\u017cliwi\u0142o wykona\u0107 jedyny w swoim rodzaju wytw\u00f3r artysty zdefiniowany konfrontacj\u0105 zbrojn\u0105 blisko Rac\u0142awic.<\/p><h3 style=\"text-align: left;\">Bitwa pod Rac\u0142awicami miniatura \u2013 interesuj\u0105cy szczeg\u00f3\u0142<\/h3><p style=\"text-align: left;\">W rzeczywisto\u015bci, obraz historyczny\/batalistyczny wysoko\u015bci 132 mm i szeroko\u015bci 77 mm, \u0141uka wykona\u0142 dnia 13 lipca 2023 roku. W rzeczy samej, zgodnie z prawd\u0105 mo\u017cemy go nazwa\u0107 najmniejszym obrazem olejnym odno\u015bnym Bitwy pod Rac\u0142awicami.<\/p><p style=\"text-align: left;\">Oczywi\u015bcie, Wojtek \u0141uka biegle zilustrowa\u0142 jedn\u0105 z pierwszych bitew polsko-litewskiego powstania ko\u015bciuszkowskiego przeciwko Rosji. Nazwanie malunku wyczerpuj\u0105co wsp\u00f3\u0142brzmi z faktycznym stanem rzeczy, z pewno\u015bci\u0105 bitwa rozegra\u0142a si\u0119 4 kwietnia 1794 r. w pobli\u017cu wsi Rac\u0142awice w Ma\u0142opolsce.<\/p><p style=\"text-align: left;\">Konkretnie artysta niew\u0105tpliwie udowodni\u0142 kompetentno\u015b\u0107 w przedmiocie i wed\u0142ug dokument\u00f3w istniej\u0105cych, optymalnie utrwali\u0142 istot\u0119 materii. W takim razie, dok\u0142adne stadium boju po tym, jak pierwsza grupa ch\u0142op\u00f3w pa\u0144szczy\u017anianych zdoby\u0142a trzy dwunastofuntowe dzia\u0142a, a druga fala zyska\u0142a osiem kolejnych armat. W wyniku tego, przechodz\u0105c na lew\u0105 flank\u0119, Ko\u015bciuszko poprowadzi\u0142 szar\u017c\u0119 na bagnety, gdy Rosjanie uciekli, tu\u017c za nim pod\u0105\u017cali kosynierzy. Faktem jest, \u017ce oko\u0142o 2000 ch\u0142op\u00f3w uzbrojonych w bojowe kosy i piki (pokazuje to tw\u00f3rca) oraz 11 armat.<\/p><p style=\"text-align: left;\">Ponad wszystko, wynikiem bitwy by\u0142o taktyczne zwyci\u0119stwo Polski, w kt\u00f3rym Ko\u015bciuszko pokona\u0142 liczebnie s\u0142abszego wroga. W podsumowaniu, jego si\u0142y by\u0142y jednak zbyt ma\u0142e (malarz historyczny, akcentuje to niewielk\u0105 powierzchni\u0105 unikatu), aby podj\u0105\u0107 skuteczny po\u015bcig. Tym samym, Korpus genera\u0142a Denisowa unikn\u0105\u0142 zniszczenia i kontynuowa\u0142 dzia\u0142ania w Ma\u0142opolsce.<\/p><p style=\"text-align: left;\">Przy tym, \u0141uka zast\u0105pi\u0142 podobrazie malarskie wdra\u017caj\u0105c autentyczny konglomerat utworzony z lapis lazuli (kolor niebieski, zimny, symbolizuj\u0105cy Rosjan) oraz malachitu (kolor zielony, neutralny, symbolizuj\u0105cy Polak\u00f3w). W istocie, form\u0105 zewn\u0119trzn\u0105 po\u0142\u0105czenia (minera\u0142u z gromady w\u0119glan\u00f3w ze ska\u0142\u0105 metamorficzn\u0105), tw\u00f3rca nawi\u0105za\u0142 do \u0142upaczy Homo habilis. Co wi\u0119cej, nawet do afryka\u0144skiego australopiteka, kt\u00f3ry 3,9-2,9 mln lat temu robi\u0142 u\u017cytek z kamiennego no\u017ca o por\u00f3wnywalnym konturze dzie\u0142a. Nade wszystko, absolutne przeznaczenie namalowanych oddzia\u0142\u00f3w ch\u0142opskich dzier\u017c\u0105cych kosy bojowe, cz\u0142owiek sztuki pozyska\u0142 surowo\u015bci\u0105 pod\u0142o\u017ca.<\/p><h3 style=\"text-align: left;\">Konflikt \u2013 dodatkowy zesp\u00f3\u0142 fakt\u00f3w<\/h3><p style=\"text-align: left;\">W trakcie powstania ko\u015bciuszkowskiego wie\u015b przynale\u017ca\u0142a do w\u0142asno\u015bci ziemskiej Walerego Wielog\u0142owskiego, herbu Staryko\u0144. Jego dw\u00f3r sta\u0142 naprzeciw dzisiaj ju\u017c zabytkowego katolickiego z 1778 roku Ko\u015bcio\u0142a \u015bw. Piotra i \u015bw. Paw\u0142a w Rac\u0142awicach &#8211; od strony zachodniej budynku barokowo klasycystycznego, murowanego, jednonawowego.<\/p><p style=\"text-align: left;\">Grafika herbu<\/p><p style=\"text-align: center;\"><img loading=\"lazy\" class=\"alignnone\" src=\"https:\/\/upload.wikimedia.org\/wikipedia\/commons\/0\/04\/Polanowski%2C_Szafraniec%2C_Zaprzaniec_i_Wielopolski_herbu_Staryko%C5%84._Herb_-_autor_Henryk_Jan_Dominiak_2019._Konkurs_dla_dzieci_-_Muzeum_Miniaturowej_Sztuki_Profesjonalnej_Henryk_Jan_Dominiak_w_Tychach.png\" alt=\"MAL101 Bitwa pod Rac\u0142awicami\" width=\"100\" height=\"205,115\" \/><\/p><p style=\"text-align: center;\"><em>Herb Staryko\u0144, kt\u00f3rym piecz\u0119towa\u0142 si\u0119 Walery Wielog\u0142owski, w\u0142a\u015bciciel d\u00f3br Rac\u0142awic podczas polskiego powstania narodowego przeciw Rosji i Prusom w 1794 roku<\/em><\/p>\t\t\t\t\t\t<\/div>\n\t\t\t\t<\/div>\n\t\t\t\t\t<\/div>\n\t\t<\/div>\n\t\t\t\t\t\t\t<\/div>\n\t\t<\/section>\n\t\t\t\t\t\t<\/div>\n\t\t\t\t\t<\/div>\n\t\t","protected":false},"excerpt":{"rendered":"<p>Najmniejszy obraz Bitwy pod Rac\u0142awicami to dzie\u0142o sztuki, jakie mo\u017cna zobaczy\u0107 na wystawie w Muzeum Miniaturowej Sztuki Profesjonalnej Henryk Jan Dominiak w Tychach. Warto zauwa\u017cy\u0107, i\u017c MAL101 Bitwa pod Rac\u0142awicami to przedmiot stworzony przez cz\u0142owieka, ruchomo\u015b\u0107\/mienie, jednym s\u0142owem z dziedziny wizualnej sztuki plastycznej. Obraz\/malarstwo olejne historyczne\/batalistyczne, miniatura na niepodrobionym zespoleniu malachitu i lapisu lazuli w [&hellip;]<\/p>\n","protected":false},"author":1,"featured_media":13630,"parent":0,"menu_order":1101,"comment_status":"open","ping_status":"closed","template":"","meta":[],"yoast_head":"<!-- This site is optimized with the Yoast SEO plugin v18.4.1 - https:\/\/yoast.com\/wordpress\/plugins\/seo\/ -->\n<title>MAL101 Bitwa pod Rac\u0142awicami - Muzeum Miniaturowej Sztuki Profesjonalnej Henryk Jan Dominiak w Tychach.<\/title>\n<meta name=\"description\" content=\"MAL101 Bitwa pod Rac\u0142awicami - miniaturowy obraz olejny na malachicie w po\u0142\u0105czeniu z lapis-lazuli, kt\u00f3rego autorem jest artysta Wojciech \u0141uka\" \/>\n<meta name=\"robots\" content=\"index, follow, max-snippet:-1, max-image-preview:large, max-video-preview:-1\" \/>\n<link rel=\"canonical\" href=\"https:\/\/muzeumminiaturowejsztukiprofesjonalnejhenrykjandominiak.eu\/wp\/mal101-bitwa-pod-raclawicami\/\" \/>\n<meta property=\"og:locale\" content=\"pl_PL\" \/>\n<meta property=\"og:type\" content=\"article\" \/>\n<meta property=\"og:title\" content=\"MAL101 Bitwa pod Rac\u0142awicami - Muzeum Miniaturowej Sztuki Profesjonalnej Henryk Jan Dominiak w Tychach.\" \/>\n<meta property=\"og:description\" content=\"MAL101 Bitwa pod Rac\u0142awicami - miniaturowy obraz olejny na malachicie w po\u0142\u0105czeniu z lapis-lazuli, kt\u00f3rego autorem jest artysta Wojciech \u0141uka\" \/>\n<meta property=\"og:url\" content=\"https:\/\/muzeumminiaturowejsztukiprofesjonalnejhenrykjandominiak.eu\/wp\/mal101-bitwa-pod-raclawicami\/\" \/>\n<meta property=\"og:site_name\" content=\"Muzeum Miniaturowej Sztuki Profesjonalnej Henryk Jan Dominiak w Tychach.\" \/>\n<meta property=\"article:modified_time\" content=\"2026-02-21T04:06:59+00:00\" \/>\n<meta property=\"og:image\" content=\"https:\/\/muzeumminiaturowejsztukiprofesjonalnejhenrykjandominiak.eu\/wp\/wp-content\/uploads\/2015\/12\/Wakacje-ferie-wypoczynek-ze-sztuk\u0105.png\" \/>\n\t<meta property=\"og:image:width\" content=\"5452\" \/>\n\t<meta property=\"og:image:height\" content=\"1773\" \/>\n\t<meta property=\"og:image:type\" content=\"image\/png\" \/>\n<meta name=\"twitter:card\" content=\"summary\" \/>\n<meta name=\"twitter:label1\" content=\"Szacowany czas czytania\" \/>\n\t<meta name=\"twitter:data1\" content=\"5 minut\" \/>\n<script type=\"application\/ld+json\" class=\"yoast-schema-graph\">{\"@context\":\"https:\/\/schema.org\",\"@graph\":[{\"@type\":\"WebSite\",\"@id\":\"https:\/\/muzeumminiaturowejsztukiprofesjonalnejhenrykjandominiak.eu\/wp\/#website\",\"url\":\"https:\/\/muzeumminiaturowejsztukiprofesjonalnejhenrykjandominiak.eu\/wp\/\",\"name\":\"Muzeum Miniaturowej Sztuki Profesjonalnej Henryk Jan Dominiak w Tychach.\",\"description\":\"\",\"potentialAction\":[{\"@type\":\"SearchAction\",\"target\":{\"@type\":\"EntryPoint\",\"urlTemplate\":\"https:\/\/muzeumminiaturowejsztukiprofesjonalnejhenrykjandominiak.eu\/wp\/?s={search_term_string}\"},\"query-input\":\"required name=search_term_string\"}],\"inLanguage\":\"pl-PL\"},{\"@type\":\"ImageObject\",\"@id\":\"https:\/\/muzeumminiaturowejsztukiprofesjonalnejhenrykjandominiak.eu\/wp\/mal101-bitwa-pod-raclawicami\/#primaryimage\",\"inLanguage\":\"pl-PL\",\"url\":\"https:\/\/muzeumminiaturowejsztukiprofesjonalnejhenrykjandominiak.eu\/wp\/wp-content\/uploads\/2015\/12\/Wakacje-ferie-wypoczynek-ze-sztuk\u0105.png\",\"contentUrl\":\"https:\/\/muzeumminiaturowejsztukiprofesjonalnejhenrykjandominiak.eu\/wp\/wp-content\/uploads\/2015\/12\/Wakacje-ferie-wypoczynek-ze-sztuk\u0105.png\",\"width\":5452,\"height\":1773},{\"@type\":\"WebPage\",\"@id\":\"https:\/\/muzeumminiaturowejsztukiprofesjonalnejhenrykjandominiak.eu\/wp\/mal101-bitwa-pod-raclawicami\/#webpage\",\"url\":\"https:\/\/muzeumminiaturowejsztukiprofesjonalnejhenrykjandominiak.eu\/wp\/mal101-bitwa-pod-raclawicami\/\",\"name\":\"MAL101 Bitwa pod Rac\u0142awicami - Muzeum Miniaturowej Sztuki Profesjonalnej Henryk Jan Dominiak w Tychach.\",\"isPartOf\":{\"@id\":\"https:\/\/muzeumminiaturowejsztukiprofesjonalnejhenrykjandominiak.eu\/wp\/#website\"},\"primaryImageOfPage\":{\"@id\":\"https:\/\/muzeumminiaturowejsztukiprofesjonalnejhenrykjandominiak.eu\/wp\/mal101-bitwa-pod-raclawicami\/#primaryimage\"},\"datePublished\":\"2023-07-13T16:28:00+00:00\",\"dateModified\":\"2026-02-21T04:06:59+00:00\",\"description\":\"MAL101 Bitwa pod Rac\u0142awicami - miniaturowy obraz olejny na malachicie w po\u0142\u0105czeniu z lapis-lazuli, kt\u00f3rego autorem jest artysta Wojciech \u0141uka\",\"breadcrumb\":{\"@id\":\"https:\/\/muzeumminiaturowejsztukiprofesjonalnejhenrykjandominiak.eu\/wp\/mal101-bitwa-pod-raclawicami\/#breadcrumb\"},\"inLanguage\":\"pl-PL\",\"potentialAction\":[{\"@type\":\"ReadAction\",\"target\":[\"https:\/\/muzeumminiaturowejsztukiprofesjonalnejhenrykjandominiak.eu\/wp\/mal101-bitwa-pod-raclawicami\/\"]}]},{\"@type\":\"BreadcrumbList\",\"@id\":\"https:\/\/muzeumminiaturowejsztukiprofesjonalnejhenrykjandominiak.eu\/wp\/mal101-bitwa-pod-raclawicami\/#breadcrumb\",\"itemListElement\":[{\"@type\":\"ListItem\",\"position\":1,\"name\":\"Strona g\u0142\u00f3wna\",\"item\":\"https:\/\/muzeumminiaturowejsztukiprofesjonalnejhenrykjandominiak.eu\/wp\/\"},{\"@type\":\"ListItem\",\"position\":2,\"name\":\"MAL101 Bitwa pod Rac\u0142awicami\"}]}]}<\/script>\n<!-- \/ Yoast SEO plugin. -->","yoast_head_json":{"title":"MAL101 Bitwa pod Rac\u0142awicami - Muzeum Miniaturowej Sztuki Profesjonalnej Henryk Jan Dominiak w Tychach.","description":"MAL101 Bitwa pod Rac\u0142awicami - miniaturowy obraz olejny na malachicie w po\u0142\u0105czeniu z lapis-lazuli, kt\u00f3rego autorem jest artysta Wojciech \u0141uka","robots":{"index":"index","follow":"follow","max-snippet":"max-snippet:-1","max-image-preview":"max-image-preview:large","max-video-preview":"max-video-preview:-1"},"canonical":"https:\/\/muzeumminiaturowejsztukiprofesjonalnejhenrykjandominiak.eu\/wp\/mal101-bitwa-pod-raclawicami\/","og_locale":"pl_PL","og_type":"article","og_title":"MAL101 Bitwa pod Rac\u0142awicami - Muzeum Miniaturowej Sztuki Profesjonalnej Henryk Jan Dominiak w Tychach.","og_description":"MAL101 Bitwa pod Rac\u0142awicami - miniaturowy obraz olejny na malachicie w po\u0142\u0105czeniu z lapis-lazuli, kt\u00f3rego autorem jest artysta Wojciech \u0141uka","og_url":"https:\/\/muzeumminiaturowejsztukiprofesjonalnejhenrykjandominiak.eu\/wp\/mal101-bitwa-pod-raclawicami\/","og_site_name":"Muzeum Miniaturowej Sztuki Profesjonalnej Henryk Jan Dominiak w Tychach.","article_modified_time":"2026-02-21T04:06:59+00:00","og_image":[{"width":5452,"height":1773,"url":"https:\/\/muzeumminiaturowejsztukiprofesjonalnejhenrykjandominiak.eu\/wp\/wp-content\/uploads\/2015\/12\/Wakacje-ferie-wypoczynek-ze-sztuk\u0105.png","type":"image\/png"}],"twitter_card":"summary","twitter_misc":{"Szacowany czas czytania":"5 minut"},"schema":{"@context":"https:\/\/schema.org","@graph":[{"@type":"WebSite","@id":"https:\/\/muzeumminiaturowejsztukiprofesjonalnejhenrykjandominiak.eu\/wp\/#website","url":"https:\/\/muzeumminiaturowejsztukiprofesjonalnejhenrykjandominiak.eu\/wp\/","name":"Muzeum Miniaturowej Sztuki Profesjonalnej Henryk Jan Dominiak w Tychach.","description":"","potentialAction":[{"@type":"SearchAction","target":{"@type":"EntryPoint","urlTemplate":"https:\/\/muzeumminiaturowejsztukiprofesjonalnejhenrykjandominiak.eu\/wp\/?s={search_term_string}"},"query-input":"required name=search_term_string"}],"inLanguage":"pl-PL"},{"@type":"ImageObject","@id":"https:\/\/muzeumminiaturowejsztukiprofesjonalnejhenrykjandominiak.eu\/wp\/mal101-bitwa-pod-raclawicami\/#primaryimage","inLanguage":"pl-PL","url":"https:\/\/muzeumminiaturowejsztukiprofesjonalnejhenrykjandominiak.eu\/wp\/wp-content\/uploads\/2015\/12\/Wakacje-ferie-wypoczynek-ze-sztuk\u0105.png","contentUrl":"https:\/\/muzeumminiaturowejsztukiprofesjonalnejhenrykjandominiak.eu\/wp\/wp-content\/uploads\/2015\/12\/Wakacje-ferie-wypoczynek-ze-sztuk\u0105.png","width":5452,"height":1773},{"@type":"WebPage","@id":"https:\/\/muzeumminiaturowejsztukiprofesjonalnejhenrykjandominiak.eu\/wp\/mal101-bitwa-pod-raclawicami\/#webpage","url":"https:\/\/muzeumminiaturowejsztukiprofesjonalnejhenrykjandominiak.eu\/wp\/mal101-bitwa-pod-raclawicami\/","name":"MAL101 Bitwa pod Rac\u0142awicami - Muzeum Miniaturowej Sztuki Profesjonalnej Henryk Jan Dominiak w Tychach.","isPartOf":{"@id":"https:\/\/muzeumminiaturowejsztukiprofesjonalnejhenrykjandominiak.eu\/wp\/#website"},"primaryImageOfPage":{"@id":"https:\/\/muzeumminiaturowejsztukiprofesjonalnejhenrykjandominiak.eu\/wp\/mal101-bitwa-pod-raclawicami\/#primaryimage"},"datePublished":"2023-07-13T16:28:00+00:00","dateModified":"2026-02-21T04:06:59+00:00","description":"MAL101 Bitwa pod Rac\u0142awicami - miniaturowy obraz olejny na malachicie w po\u0142\u0105czeniu z lapis-lazuli, kt\u00f3rego autorem jest artysta Wojciech \u0141uka","breadcrumb":{"@id":"https:\/\/muzeumminiaturowejsztukiprofesjonalnejhenrykjandominiak.eu\/wp\/mal101-bitwa-pod-raclawicami\/#breadcrumb"},"inLanguage":"pl-PL","potentialAction":[{"@type":"ReadAction","target":["https:\/\/muzeumminiaturowejsztukiprofesjonalnejhenrykjandominiak.eu\/wp\/mal101-bitwa-pod-raclawicami\/"]}]},{"@type":"BreadcrumbList","@id":"https:\/\/muzeumminiaturowejsztukiprofesjonalnejhenrykjandominiak.eu\/wp\/mal101-bitwa-pod-raclawicami\/#breadcrumb","itemListElement":[{"@type":"ListItem","position":1,"name":"Strona g\u0142\u00f3wna","item":"https:\/\/muzeumminiaturowejsztukiprofesjonalnejhenrykjandominiak.eu\/wp\/"},{"@type":"ListItem","position":2,"name":"MAL101 Bitwa pod Rac\u0142awicami"}]}]}},"_links":{"self":[{"href":"https:\/\/muzeumminiaturowejsztukiprofesjonalnejhenrykjandominiak.eu\/wp\/wp-json\/wp\/v2\/pages\/26623"}],"collection":[{"href":"https:\/\/muzeumminiaturowejsztukiprofesjonalnejhenrykjandominiak.eu\/wp\/wp-json\/wp\/v2\/pages"}],"about":[{"href":"https:\/\/muzeumminiaturowejsztukiprofesjonalnejhenrykjandominiak.eu\/wp\/wp-json\/wp\/v2\/types\/page"}],"author":[{"embeddable":true,"href":"https:\/\/muzeumminiaturowejsztukiprofesjonalnejhenrykjandominiak.eu\/wp\/wp-json\/wp\/v2\/users\/1"}],"replies":[{"embeddable":true,"href":"https:\/\/muzeumminiaturowejsztukiprofesjonalnejhenrykjandominiak.eu\/wp\/wp-json\/wp\/v2\/comments?post=26623"}],"version-history":[{"count":358,"href":"https:\/\/muzeumminiaturowejsztukiprofesjonalnejhenrykjandominiak.eu\/wp\/wp-json\/wp\/v2\/pages\/26623\/revisions"}],"predecessor-version":[{"id":51577,"href":"https:\/\/muzeumminiaturowejsztukiprofesjonalnejhenrykjandominiak.eu\/wp\/wp-json\/wp\/v2\/pages\/26623\/revisions\/51577"}],"wp:featuredmedia":[{"embeddable":true,"href":"https:\/\/muzeumminiaturowejsztukiprofesjonalnejhenrykjandominiak.eu\/wp\/wp-json\/wp\/v2\/media\/13630"}],"wp:attachment":[{"href":"https:\/\/muzeumminiaturowejsztukiprofesjonalnejhenrykjandominiak.eu\/wp\/wp-json\/wp\/v2\/media?parent=26623"}],"curies":[{"name":"wp","href":"https:\/\/api.w.org\/{rel}","templated":true}]}}